{"id":1450,"date":"2024-12-05T16:27:04","date_gmt":"2024-12-05T16:27:04","guid":{"rendered":"https:\/\/soem.nl\/product\/pizzaschneider-sharp-robust-und-handlich-aus-edelstahl-pizzzames-pizzaroller-teigschneider-soem\/"},"modified":"2024-12-05T16:27:04","modified_gmt":"2024-12-05T16:27:04","slug":"pizzaschneider-sharp-robust-und-handlich-aus-edelstahl-pizzzames-pizzaroller-teigschneider-soem","status":"publish","type":"product","link":"https:\/\/soem.nl\/de\/product\/pizzaschneider-sharp-robust-und-handlich-aus-edelstahl-pizzzames-pizzaroller-teigschneider-soem\/","title":{"rendered":"Pizzaschneider Sharp Robust und handlich aus Edelstahl &#8211; Pizzzames &#8211; Pizzaroller &#8211; Teigschneider SOEM\u00a9"},"content":{"rendered":"<h3>Wer liebt keine Pizza?<\/h3>\n<p>Daf\u00fcr k\u00f6nnen Sie besonders Kinder aufwecken. Mit einem normalen Messer ist es immer schwierig, durch die Kruste zu kommen und es kostet viel M\u00fche, ein sch\u00f6nes St\u00fcck zu schneiden. Mit dem Pizzaschneider k\u00f6nnen Sie einfach und schnell die sch\u00f6nsten Pizzast\u00fccke f\u00fcr die ganze Familie schneiden! Kann auch f\u00fcr andere Fladenbrote wie Naan-Brot und Flammkuchen verwendet werden.     <strong>Ein Muss in Ihrer K\u00fcche!<\/strong><\/p>\n<h3>\nVorteile:<\/h3>\n<p>\u25cf Einfaches und schnelles Schneiden durch eine Brot-\/Pizzakruste \u25cf Inklusive Klingenschutzh\u00fclle \u25cf Material aus langlebigem Edelstahl \u25cf Leicht zu reinigen und sp\u00fclmaschinenfest \u25cf Einfach zu lagern<\/p>\n<h3>\nWie zu verwenden.<\/h3>\n<p>1. Stellen Sie sicher, dass die Pizza auf einem Teller oder einer anderen flachen Oberfl\u00e4che liegt. 2. Entfernen Sie die Schutzkappe von der Klinge. 3. Schneiden Sie von der Au\u00dfenseite (\u00e4u\u00dfere Kruste) der Pizza nach innen. 4. F\u00fchren Sie das Messer hin und her durch die Pizza. 5. Schneiden Sie die St\u00fccke in die gew\u00fcnschte Gr\u00f6\u00dfe. 6. Wenn Sie fertig sind, reinigen Sie das Messer gr\u00fcndlich und bewahren Sie es an einem sicheren Ort auf.<\/p>\n","protected":false},"excerpt":{"rendered":"<p>Wer liebt keine Pizza? Daf\u00fcr k\u00f6nnen Sie besonders Kinder aufwecken. Mit einem normalen Messer ist es immer schwierig, durch die Kruste zu kommen und es kostet viel M\u00fche, ein sch\u00f6nes St\u00fcck zu schneiden. Mit dem Pizzaschneider k\u00f6nnen Sie einfach und schnell die sch\u00f6nsten Pizzast\u00fccke f\u00fcr die ganze Familie schneiden! Kann auch f\u00fcr andere Fladenbrote wie [&#8230;]\n","protected":false},"featured_media":1230,"comment_status":"closed","ping_status":"closed","template":"","meta":[],"product_brand":[],"product_cat":[71],"product_tag":[73,72],"class_list":{"0":"post-1450","1":"product","2":"type-product","3":"status-publish","4":"has-post-thumbnail","6":"product_cat-kuchenzubehor","7":"product_tag-messer","8":"product_tag-pizza-de","10":"first","11":"outofstock","12":"taxable","13":"shipping-taxable","14":"purchasable","15":"product-type-simple"},"yoast_head":"<!-- This site is optimized with the Yoast SEO Premium plugin v21.5 (Yoast SEO v27.2) - https:\/\/yoast.com\/product\/yoast-seo-premium-wordpress\/ -->\n<title>Pizzaschneider Sharp Robust und handlich aus Edelstahl - Pizzzames - Pizzaroller - Teigschneider SOEM\u00a9 - SOEM \u00a9 | Voor elk gewicht een passende weegschaal<\/title>\n<meta name=\"robots\" content=\"index, follow, max-snippet:-1, max-image-preview:large, max-video-preview:-1\" \/>\n<link rel=\"canonical\" href=\"https:\/\/soem.nl\/de\/product\/pizzaschneider-sharp-robust-und-handlich-aus-edelstahl-pizzzames-pizzaroller-teigschneider-soem\/\" \/>\n<meta property=\"og:locale\" content=\"de_DE\" \/>\n<meta property=\"og:type\" content=\"article\" \/>\n<meta property=\"og:title\" content=\"Pizzaschneider Sharp Robust und handlich aus Edelstahl - Pizzzames - Pizzaroller - Teigschneider SOEM\u00a9\" \/>\n<meta property=\"og:description\" content=\"Wer liebt keine Pizza? Daf\u00fcr k\u00f6nnen Sie besonders Kinder aufwecken. Mit einem normalen Messer ist es immer schwierig, durch die Kruste zu kommen und es kostet viel M\u00fche, ein sch\u00f6nes St\u00fcck zu schneiden. Mit dem Pizzaschneider k\u00f6nnen Sie einfach und schnell die sch\u00f6nsten Pizzast\u00fccke f\u00fcr die ganze Familie schneiden! Kann auch f\u00fcr andere Fladenbrote wie [...]\" \/>\n<meta property=\"og:url\" content=\"https:\/\/soem.nl\/de\/product\/pizzaschneider-sharp-robust-und-handlich-aus-edelstahl-pizzzames-pizzaroller-teigschneider-soem\/\" \/>\n<meta property=\"og:site_name\" content=\"SOEM \u00a9 | Voor elk gewicht een passende weegschaal\" \/>\n<meta property=\"article:publisher\" content=\"https:\/\/www.facebook.com\/soemproducts\/\" \/>\n<meta property=\"og:image\" content=\"https:\/\/soem.nl\/wp-content\/uploads\/2024\/12\/SOEM-Pizza-snijder-550x612-1.jpg\" \/>\n\t<meta property=\"og:image:width\" content=\"550\" \/>\n\t<meta property=\"og:image:height\" content=\"612\" \/>\n\t<meta property=\"og:image:type\" content=\"image\/jpeg\" \/>\n<meta name=\"twitter:card\" content=\"summary_large_image\" \/>\n<meta name=\"twitter:label1\" content=\"Preis\" \/>\n\t<meta name=\"twitter:data1\" content=\"&euro;&nbsp;11,95\" \/>\n\t<meta name=\"twitter:label2\" content=\"Verf\u00fcgbarkeit\" \/>\n\t<meta name=\"twitter:data2\" content=\"ausverkauft\" \/>\n<script type=\"application\/ld+json\" class=\"yoast-schema-graph\">{\"@context\":\"https:\/\/schema.org\",\"@graph\":[{\"@type\":\"WebPage\",\"@id\":\"https:\/\/soem.nl\/de\/product\/pizzaschneider-sharp-robust-und-handlich-aus-edelstahl-pizzzames-pizzaroller-teigschneider-soem\/\",\"url\":\"https:\/\/soem.nl\/de\/product\/pizzaschneider-sharp-robust-und-handlich-aus-edelstahl-pizzzames-pizzaroller-teigschneider-soem\/\",\"name\":\"Pizzaschneider Sharp Robust und handlich aus Edelstahl - Pizzzames - Pizzaroller - Teigschneider SOEM\u00a9 - SOEM \u00a9 | Voor elk gewicht een passende weegschaal\",\"isPartOf\":{\"@id\":\"https:\/\/soem.nl\/de\/#website\"},\"primaryImageOfPage\":{\"@id\":\"https:\/\/soem.nl\/de\/product\/pizzaschneider-sharp-robust-und-handlich-aus-edelstahl-pizzzames-pizzaroller-teigschneider-soem\/#primaryimage\"},\"image\":{\"@id\":\"https:\/\/soem.nl\/de\/product\/pizzaschneider-sharp-robust-und-handlich-aus-edelstahl-pizzzames-pizzaroller-teigschneider-soem\/#primaryimage\"},\"thumbnailUrl\":\"https:\/\/soem.nl\/wp-content\/uploads\/2024\/12\/SOEM-Pizza-snijder-550x612-1.jpg\",\"datePublished\":\"2024-12-05T16:27:04+00:00\",\"breadcrumb\":{\"@id\":\"https:\/\/soem.nl\/de\/product\/pizzaschneider-sharp-robust-und-handlich-aus-edelstahl-pizzzames-pizzaroller-teigschneider-soem\/#breadcrumb\"},\"inLanguage\":\"de\",\"potentialAction\":[{\"@type\":\"ReadAction\",\"target\":[\"https:\/\/soem.nl\/de\/product\/pizzaschneider-sharp-robust-und-handlich-aus-edelstahl-pizzzames-pizzaroller-teigschneider-soem\/\"]}]},{\"@type\":\"ImageObject\",\"inLanguage\":\"de\",\"@id\":\"https:\/\/soem.nl\/de\/product\/pizzaschneider-sharp-robust-und-handlich-aus-edelstahl-pizzzames-pizzaroller-teigschneider-soem\/#primaryimage\",\"url\":\"https:\/\/soem.nl\/wp-content\/uploads\/2024\/12\/SOEM-Pizza-snijder-550x612-1.jpg\",\"contentUrl\":\"https:\/\/soem.nl\/wp-content\/uploads\/2024\/12\/SOEM-Pizza-snijder-550x612-1.jpg\",\"width\":550,\"height\":612,\"caption\":\"SOEM Pizzaschneider 550x612\"},{\"@type\":\"BreadcrumbList\",\"@id\":\"https:\/\/soem.nl\/de\/product\/pizzaschneider-sharp-robust-und-handlich-aus-edelstahl-pizzzames-pizzaroller-teigschneider-soem\/#breadcrumb\",\"itemListElement\":[{\"@type\":\"ListItem\",\"position\":1,\"name\":\"Home\",\"item\":\"https:\/\/soem.nl\/de\/startseite\/\"},{\"@type\":\"ListItem\",\"position\":2,\"name\":\"Shop\",\"item\":\"https:\/\/soem.nl\/shop\/\"},{\"@type\":\"ListItem\",\"position\":3,\"name\":\"Pizzaschneider Sharp Robust und handlich aus Edelstahl &#8211; Pizzzames &#8211; Pizzaroller &#8211; Teigschneider SOEM\u00a9\"}]},{\"@type\":\"WebSite\",\"@id\":\"https:\/\/soem.nl\/de\/#website\",\"url\":\"https:\/\/soem.nl\/de\/\",\"name\":\"SOEM \u00a9 | Voor elk gewicht een passende weegschaal\",\"description\":\"Voor keuken, koffie en precisie\",\"publisher\":{\"@id\":\"https:\/\/soem.nl\/de\/#organization\"},\"potentialAction\":[{\"@type\":\"SearchAction\",\"target\":{\"@type\":\"EntryPoint\",\"urlTemplate\":\"https:\/\/soem.nl\/de\/?s={search_term_string}\"},\"query-input\":{\"@type\":\"PropertyValueSpecification\",\"valueRequired\":true,\"valueName\":\"search_term_string\"}}],\"inLanguage\":\"de\"},{\"@type\":\"Organization\",\"@id\":\"https:\/\/soem.nl\/de\/#organization\",\"name\":\"SOEM \u00a9 | Voor elk gewicht een passende weegschaal\",\"url\":\"https:\/\/soem.nl\/de\/\",\"logo\":{\"@type\":\"ImageObject\",\"inLanguage\":\"de\",\"@id\":\"https:\/\/soem.nl\/de\/#\/schema\/logo\/image\/\",\"url\":\"https:\/\/soem.nl\/wp-content\/uploads\/2022\/08\/base_logo_transparent_background.png\",\"contentUrl\":\"https:\/\/soem.nl\/wp-content\/uploads\/2022\/08\/base_logo_transparent_background.png\",\"width\":3125,\"height\":1875,\"caption\":\"SOEM \u00a9 | Voor elk gewicht een passende weegschaal\"},\"image\":{\"@id\":\"https:\/\/soem.nl\/de\/#\/schema\/logo\/image\/\"},\"sameAs\":[\"https:\/\/www.facebook.com\/soemproducts\/\",\"https:\/\/www.instagram.com\/soem.products\/\"]}]}<\/script>\n<meta property=\"product:price:amount\" content=\"11.95\" \/>\n<meta property=\"product:price:currency\" content=\"EUR\" \/>\n<meta property=\"og:availability\" content=\"out of stock\" \/>\n<meta property=\"product:availability\" content=\"out of stock\" \/>\n<meta property=\"product:retailer_item_id\" content=\"8720299277366\" \/>\n<meta property=\"product:condition\" content=\"new\" \/>\n<!-- \/ Yoast SEO Premium plugin. -->","yoast_head_json":{"title":"Pizzaschneider Sharp Robust und handlich aus Edelstahl - Pizzzames - Pizzaroller - Teigschneider SOEM\u00a9 - SOEM \u00a9 | Voor elk gewicht een passende weegschaal","robots":{"index":"index","follow":"follow","max-snippet":"max-snippet:-1","max-image-preview":"max-image-preview:large","max-video-preview":"max-video-preview:-1"},"canonical":"https:\/\/soem.nl\/de\/product\/pizzaschneider-sharp-robust-und-handlich-aus-edelstahl-pizzzames-pizzaroller-teigschneider-soem\/","og_locale":"de_DE","og_type":"article","og_title":"Pizzaschneider Sharp Robust und handlich aus Edelstahl - Pizzzames - Pizzaroller - Teigschneider SOEM\u00a9","og_description":"Wer liebt keine Pizza? Daf\u00fcr k\u00f6nnen Sie besonders Kinder aufwecken. Mit einem normalen Messer ist es immer schwierig, durch die Kruste zu kommen und es kostet viel M\u00fche, ein sch\u00f6nes St\u00fcck zu schneiden. Mit dem Pizzaschneider k\u00f6nnen Sie einfach und schnell die sch\u00f6nsten Pizzast\u00fccke f\u00fcr die ganze Familie schneiden! Kann auch f\u00fcr andere Fladenbrote wie [...]","og_url":"https:\/\/soem.nl\/de\/product\/pizzaschneider-sharp-robust-und-handlich-aus-edelstahl-pizzzames-pizzaroller-teigschneider-soem\/","og_site_name":"SOEM \u00a9 | Voor elk gewicht een passende weegschaal","article_publisher":"https:\/\/www.facebook.com\/soemproducts\/","og_image":[{"width":550,"height":612,"url":"https:\/\/soem.nl\/wp-content\/uploads\/2024\/12\/SOEM-Pizza-snijder-550x612-1.jpg","type":"image\/jpeg"}],"twitter_card":"summary_large_image","twitter_misc":{"Preis":"&euro;&nbsp;11,95","Verf\u00fcgbarkeit":"ausverkauft"},"schema":{"@context":"https:\/\/schema.org","@graph":[{"@type":"WebPage","@id":"https:\/\/soem.nl\/de\/product\/pizzaschneider-sharp-robust-und-handlich-aus-edelstahl-pizzzames-pizzaroller-teigschneider-soem\/","url":"https:\/\/soem.nl\/de\/product\/pizzaschneider-sharp-robust-und-handlich-aus-edelstahl-pizzzames-pizzaroller-teigschneider-soem\/","name":"Pizzaschneider Sharp Robust und handlich aus Edelstahl - Pizzzames - Pizzaroller - Teigschneider SOEM\u00a9 - SOEM \u00a9 | Voor elk gewicht een passende weegschaal","isPartOf":{"@id":"https:\/\/soem.nl\/de\/#website"},"primaryImageOfPage":{"@id":"https:\/\/soem.nl\/de\/product\/pizzaschneider-sharp-robust-und-handlich-aus-edelstahl-pizzzames-pizzaroller-teigschneider-soem\/#primaryimage"},"image":{"@id":"https:\/\/soem.nl\/de\/product\/pizzaschneider-sharp-robust-und-handlich-aus-edelstahl-pizzzames-pizzaroller-teigschneider-soem\/#primaryimage"},"thumbnailUrl":"https:\/\/soem.nl\/wp-content\/uploads\/2024\/12\/SOEM-Pizza-snijder-550x612-1.jpg","datePublished":"2024-12-05T16:27:04+00:00","breadcrumb":{"@id":"https:\/\/soem.nl\/de\/product\/pizzaschneider-sharp-robust-und-handlich-aus-edelstahl-pizzzames-pizzaroller-teigschneider-soem\/#breadcrumb"},"inLanguage":"de","potentialAction":[{"@type":"ReadAction","target":["https:\/\/soem.nl\/de\/product\/pizzaschneider-sharp-robust-und-handlich-aus-edelstahl-pizzzames-pizzaroller-teigschneider-soem\/"]}]},{"@type":"ImageObject","inLanguage":"de","@id":"https:\/\/soem.nl\/de\/product\/pizzaschneider-sharp-robust-und-handlich-aus-edelstahl-pizzzames-pizzaroller-teigschneider-soem\/#primaryimage","url":"https:\/\/soem.nl\/wp-content\/uploads\/2024\/12\/SOEM-Pizza-snijder-550x612-1.jpg","contentUrl":"https:\/\/soem.nl\/wp-content\/uploads\/2024\/12\/SOEM-Pizza-snijder-550x612-1.jpg","width":550,"height":612,"caption":"SOEM Pizzaschneider 550x612"},{"@type":"BreadcrumbList","@id":"https:\/\/soem.nl\/de\/product\/pizzaschneider-sharp-robust-und-handlich-aus-edelstahl-pizzzames-pizzaroller-teigschneider-soem\/#breadcrumb","itemListElement":[{"@type":"ListItem","position":1,"name":"Home","item":"https:\/\/soem.nl\/de\/startseite\/"},{"@type":"ListItem","position":2,"name":"Shop","item":"https:\/\/soem.nl\/shop\/"},{"@type":"ListItem","position":3,"name":"Pizzaschneider Sharp Robust und handlich aus Edelstahl &#8211; Pizzzames &#8211; Pizzaroller &#8211; Teigschneider SOEM\u00a9"}]},{"@type":"WebSite","@id":"https:\/\/soem.nl\/de\/#website","url":"https:\/\/soem.nl\/de\/","name":"SOEM \u00a9 | Voor elk gewicht een passende weegschaal","description":"Voor keuken, koffie en precisie","publisher":{"@id":"https:\/\/soem.nl\/de\/#organization"},"potentialAction":[{"@type":"SearchAction","target":{"@type":"EntryPoint","urlTemplate":"https:\/\/soem.nl\/de\/?s={search_term_string}"},"query-input":{"@type":"PropertyValueSpecification","valueRequired":true,"valueName":"search_term_string"}}],"inLanguage":"de"},{"@type":"Organization","@id":"https:\/\/soem.nl\/de\/#organization","name":"SOEM \u00a9 | Voor elk gewicht een passende weegschaal","url":"https:\/\/soem.nl\/de\/","logo":{"@type":"ImageObject","inLanguage":"de","@id":"https:\/\/soem.nl\/de\/#\/schema\/logo\/image\/","url":"https:\/\/soem.nl\/wp-content\/uploads\/2022\/08\/base_logo_transparent_background.png","contentUrl":"https:\/\/soem.nl\/wp-content\/uploads\/2022\/08\/base_logo_transparent_background.png","width":3125,"height":1875,"caption":"SOEM \u00a9 | Voor elk gewicht een passende weegschaal"},"image":{"@id":"https:\/\/soem.nl\/de\/#\/schema\/logo\/image\/"},"sameAs":["https:\/\/www.facebook.com\/soemproducts\/","https:\/\/www.instagram.com\/soem.products\/"]}]},"product_price_amount":"11.95","product_price_currency":"EUR","og_availability":"out of stock","product_availability":"out of stock","product_retailer_item_id":"8720299277366","product_condition":"new"},"_links":{"self":[{"href":"https:\/\/soem.nl\/de\/wp-json\/wp\/v2\/product\/1450","targetHints":{"allow":["GET"]}}],"collection":[{"href":"https:\/\/soem.nl\/de\/wp-json\/wp\/v2\/product"}],"about":[{"href":"https:\/\/soem.nl\/de\/wp-json\/wp\/v2\/types\/product"}],"replies":[{"embeddable":true,"href":"https:\/\/soem.nl\/de\/wp-json\/wp\/v2\/comments?post=1450"}],"wp:featuredmedia":[{"embeddable":true,"href":"https:\/\/soem.nl\/de\/wp-json\/wp\/v2\/media\/1230"}],"wp:attachment":[{"href":"https:\/\/soem.nl\/de\/wp-json\/wp\/v2\/media?parent=1450"}],"wp:term":[{"taxonomy":"product_brand","embeddable":true,"href":"https:\/\/soem.nl\/de\/wp-json\/wp\/v2\/product_brand?post=1450"},{"taxonomy":"product_cat","embeddable":true,"href":"https:\/\/soem.nl\/de\/wp-json\/wp\/v2\/product_cat?post=1450"},{"taxonomy":"product_tag","embeddable":true,"href":"https:\/\/soem.nl\/de\/wp-json\/wp\/v2\/product_tag?post=1450"}],"curies":[{"name":"wp","href":"https:\/\/api.w.org\/{rel}","templated":true}]}}