{"id":1477,"date":"2023-04-22T09:22:18","date_gmt":"2023-04-22T09:22:18","guid":{"rendered":"https:\/\/soem.nl\/product\/digitale-kuechenwaage-praezise-von-6kg-bis-01-gramm-inkl-tara-funktion\/"},"modified":"2023-04-22T09:22:18","modified_gmt":"2023-04-22T09:22:18","slug":"digitale-kuechenwaage-praezise-von-6kg-bis-01-gramm-inkl-tara-funktion","status":"publish","type":"product","link":"https:\/\/soem.nl\/de\/product\/digitale-kuechenwaage-praezise-von-6kg-bis-01-gramm-inkl-tara-funktion\/","title":{"rendered":"Digitale K\u00fcchenwaage &#8211; Pr\u00e4zise von 6kg bis 0,1 Gramm inkl. Tara-Funktion"},"content":{"rendered":"<h1>Digitale K\u00fcchenwaage &#8211; Pr\u00e4zise von 6kg bis 0,1 Gramm inkl. Tara-Funktion <\/h1>\n<p>Digitale K\u00fcchenwaage &#8211; Genauigkeit von 6kg bis 0,1 Gramm inkl. Tara-Funktion Entdecken Sie die ultimative Pr\u00e4zision und Benutzerfreundlichkeit der SOEM K\u00fcchenwaage, die perfekte Erg\u00e4nzung f\u00fcr jede K\u00fcche. Mit ihrem eleganten Design und der Wiegeplattform aus Edelstahl f\u00fcgt sich diese Waage nahtlos in jede Einrichtung ein. Trotz ihres geringen Gewichts von nur 40 Gramm ist die Waage aus strapazierf\u00e4higem Kunststoff und Edelstahl gefertigt, so dass sie den t\u00e4glichen Herausforderungen beim Kochen und Backen standh\u00e4lt. Dank der Tara-Funktion k\u00f6nnen Sie m\u00fchelos mehrere Zutaten auf einmal abwiegen, ohne dass Sie einen Taschenrechner ben\u00f6tigen. Legen Sie einfach die erste Zutat in die Waagschale, setzen Sie das Gewicht mit der Tara-Taste auf Null zur\u00fcck und f\u00fcgen Sie dann die n\u00e4chste Zutat hinzu. Das spart Zeit und sorgt f\u00fcr genaue Ergebnisse bei jedem Rezept. Die SOEM-Waage hat eine beeindruckende Wiegegenauigkeit von 0,1 Gramm und eine maximale Wiegekapazit\u00e4t von 6 kg. Damit eignet sich die Waage sowohl f\u00fcr kleine als auch f\u00fcr gro\u00dfe Mengen und ist damit eine vielseitige Wahl f\u00fcr jeden Hobbykoch. Die automatische Abschaltfunktion sorgt f\u00fcr eine l\u00e4ngere Lebensdauer der Batterien (2x AAA, im Lieferumfang enthalten) und die Energieeffizienz der Waage. Bitte beachten Sie jedoch, dass die Waage nicht sp\u00fclmaschinengeeignet ist und von Hand gereinigt werden sollte. Spezifikationen   <\/p>\n<ul>\n<li>Genauigkeit: 0,1 g<\/li>\n<li>Reichweite: 0 &#8211; 6 kg<\/li>\n<li>Einheiten: g\/oz\/lb:oz\/ml<\/li>\n<li>Batterie: 3x AAA (mitgeliefert)<\/li>\n<li>Material: Stahl + Kunststoff<\/li>\n<li>Abmessungen: 194X154X33mm<\/li>\n<\/ul>\n<p><strong>Inhalt der Verpackung<\/strong><\/p>\n<ul>\n<li>3x AAA-Batterie<\/li>\n<li>1x Stahlwaage<\/li>\n<li>1x Handbuch<\/li>\n<\/ul>\n<h3>100% Zufriedenheitsgarantie<\/h3>\n<p>Wir stehen voll und ganz hinter der Qualit\u00e4t unserer Produkte und bieten Ihnen eine uneingeschr\u00e4nkte <strong>12-monatige<\/strong> Garantie.<\/p>\n<p><strong>Bestellen Sie noch heute Ihre Pr\u00e4zisionsk\u00fcchenwaage und wiegen Sie bis auf das letzte Gramm genau!<\/strong><\/p>\n","protected":false},"excerpt":{"rendered":"<p><strong>\u2713 Kompaktes Design<\/strong><\/p>\n<p><strong>\u00dcbersichtliches Display<\/strong><\/p>\n<p><strong>\u2713 Mehrere Einheiten<\/strong><\/p>\n<p><strong>\u2713 Inklusive W\u00e4geschalen<\/strong><\/p>\n","protected":false},"featured_media":1194,"comment_status":"open","ping_status":"closed","template":"","meta":[],"product_brand":[],"product_cat":[94],"product_tag":[],"class_list":{"0":"post-1477","1":"product","2":"type-product","3":"status-publish","4":"has-post-thumbnail","6":"product_cat-kuchenwaage","7":"product_shipping_class-paket-nl","9":"first","10":"instock","11":"taxable","12":"shipping-taxable","13":"purchasable","14":"product-type-simple"},"yoast_head":"<!-- This site is optimized with the Yoast SEO Premium plugin v21.5 (Yoast SEO v27.2) - https:\/\/yoast.com\/product\/yoast-seo-premium-wordpress\/ -->\n<title>Kompakte digitale K\u00fcchenwaage 0,1 Gramm mit Tara-Funktion<\/title>\n<meta name=\"description\" content=\"Sie haben nicht viel Platz, suchen aber nach einer hochwertigen K\u00fcchenwaage? Diese Waage ist nur 10 x 12 cm gro\u00df. Ideal f\u00fcr die kleine K\u00fcche\" \/>\n<meta name=\"robots\" content=\"index, follow, max-snippet:-1, max-image-preview:large, max-video-preview:-1\" \/>\n<link rel=\"canonical\" href=\"https:\/\/soem.nl\/de\/product\/digitale-kuechenwaage-praezise-von-6kg-bis-01-gramm-inkl-tara-funktion\/\" \/>\n<meta property=\"og:locale\" content=\"de_DE\" \/>\n<meta property=\"og:type\" content=\"article\" \/>\n<meta property=\"og:title\" content=\"Digitale K\u00fcchenwaage - Pr\u00e4zise von 6kg bis 0,1 Gramm inkl. Tara-Funktion\" \/>\n<meta property=\"og:description\" content=\"Sie haben nicht viel Platz, suchen aber nach einer hochwertigen K\u00fcchenwaage? Diese Waage ist nur 10 x 12 cm gro\u00df. Ideal f\u00fcr die kleine K\u00fcche\" \/>\n<meta property=\"og:url\" content=\"https:\/\/soem.nl\/de\/product\/digitale-kuechenwaage-praezise-von-6kg-bis-01-gramm-inkl-tara-funktion\/\" \/>\n<meta property=\"og:site_name\" content=\"SOEM \u00a9 | Voor elk gewicht een passende weegschaal\" \/>\n<meta property=\"article:publisher\" content=\"https:\/\/www.facebook.com\/soemproducts\/\" \/>\n<meta property=\"og:image\" content=\"https:\/\/soem.nl\/wp-content\/uploads\/2023\/04\/SOEM-Kitchen-scale-K38-1.png\" \/>\n\t<meta property=\"og:image:width\" content=\"2000\" \/>\n\t<meta property=\"og:image:height\" content=\"2000\" \/>\n\t<meta property=\"og:image:type\" content=\"image\/png\" \/>\n<meta name=\"twitter:card\" content=\"summary_large_image\" \/>\n<meta name=\"twitter:label1\" content=\"Preis\" \/>\n\t<meta name=\"twitter:data1\" content=\"&euro;&nbsp;24,95\" \/>\n\t<meta name=\"twitter:label2\" content=\"Verf\u00fcgbarkeit\" \/>\n\t<meta name=\"twitter:data2\" content=\"Auf Lager\" \/>\n<script type=\"application\/ld+json\" class=\"yoast-schema-graph\">{\"@context\":\"https:\/\/schema.org\",\"@graph\":[{\"@type\":\"WebPage\",\"@id\":\"https:\/\/soem.nl\/de\/product\/digitale-kuechenwaage-praezise-von-6kg-bis-01-gramm-inkl-tara-funktion\/\",\"url\":\"https:\/\/soem.nl\/de\/product\/digitale-kuechenwaage-praezise-von-6kg-bis-01-gramm-inkl-tara-funktion\/\",\"name\":\"Kompakte digitale K\u00fcchenwaage 0,1 Gramm mit Tara-Funktion\",\"isPartOf\":{\"@id\":\"https:\/\/soem.nl\/de\/#website\"},\"primaryImageOfPage\":{\"@id\":\"https:\/\/soem.nl\/de\/product\/digitale-kuechenwaage-praezise-von-6kg-bis-01-gramm-inkl-tara-funktion\/#primaryimage\"},\"image\":{\"@id\":\"https:\/\/soem.nl\/de\/product\/digitale-kuechenwaage-praezise-von-6kg-bis-01-gramm-inkl-tara-funktion\/#primaryimage\"},\"thumbnailUrl\":\"https:\/\/soem.nl\/wp-content\/uploads\/2023\/04\/SOEM-Kitchen-scale-K38-1.png\",\"datePublished\":\"2023-04-22T09:22:18+00:00\",\"description\":\"Sie haben nicht viel Platz, suchen aber nach einer hochwertigen K\u00fcchenwaage? Diese Waage ist nur 10 x 12 cm gro\u00df. Ideal f\u00fcr die kleine K\u00fcche\",\"breadcrumb\":{\"@id\":\"https:\/\/soem.nl\/de\/product\/digitale-kuechenwaage-praezise-von-6kg-bis-01-gramm-inkl-tara-funktion\/#breadcrumb\"},\"inLanguage\":\"de\",\"potentialAction\":[{\"@type\":\"ReadAction\",\"target\":[\"https:\/\/soem.nl\/de\/product\/digitale-kuechenwaage-praezise-von-6kg-bis-01-gramm-inkl-tara-funktion\/\"]}]},{\"@type\":\"ImageObject\",\"inLanguage\":\"de\",\"@id\":\"https:\/\/soem.nl\/de\/product\/digitale-kuechenwaage-praezise-von-6kg-bis-01-gramm-inkl-tara-funktion\/#primaryimage\",\"url\":\"https:\/\/soem.nl\/wp-content\/uploads\/2023\/04\/SOEM-Kitchen-scale-K38-1.png\",\"contentUrl\":\"https:\/\/soem.nl\/wp-content\/uploads\/2023\/04\/SOEM-Kitchen-scale-K38-1.png\",\"width\":2000,\"height\":2000,\"caption\":\"SOEM K\u00fcchenwaage K38-1\"},{\"@type\":\"BreadcrumbList\",\"@id\":\"https:\/\/soem.nl\/de\/product\/digitale-kuechenwaage-praezise-von-6kg-bis-01-gramm-inkl-tara-funktion\/#breadcrumb\",\"itemListElement\":[{\"@type\":\"ListItem\",\"position\":1,\"name\":\"Home\",\"item\":\"https:\/\/soem.nl\/de\/startseite\/\"},{\"@type\":\"ListItem\",\"position\":2,\"name\":\"Shop\",\"item\":\"https:\/\/soem.nl\/shop\/\"},{\"@type\":\"ListItem\",\"position\":3,\"name\":\"Digitale K\u00fcchenwaage &#8211; Pr\u00e4zise von 6kg bis 0,1 Gramm inkl. Tara-Funktion\"}]},{\"@type\":\"WebSite\",\"@id\":\"https:\/\/soem.nl\/de\/#website\",\"url\":\"https:\/\/soem.nl\/de\/\",\"name\":\"SOEM \u00a9 | Voor elk gewicht een passende weegschaal\",\"description\":\"Voor keuken, koffie en precisie\",\"publisher\":{\"@id\":\"https:\/\/soem.nl\/de\/#organization\"},\"potentialAction\":[{\"@type\":\"SearchAction\",\"target\":{\"@type\":\"EntryPoint\",\"urlTemplate\":\"https:\/\/soem.nl\/de\/?s={search_term_string}\"},\"query-input\":{\"@type\":\"PropertyValueSpecification\",\"valueRequired\":true,\"valueName\":\"search_term_string\"}}],\"inLanguage\":\"de\"},{\"@type\":\"Organization\",\"@id\":\"https:\/\/soem.nl\/de\/#organization\",\"name\":\"SOEM \u00a9 | Voor elk gewicht een passende weegschaal\",\"url\":\"https:\/\/soem.nl\/de\/\",\"logo\":{\"@type\":\"ImageObject\",\"inLanguage\":\"de\",\"@id\":\"https:\/\/soem.nl\/de\/#\/schema\/logo\/image\/\",\"url\":\"https:\/\/soem.nl\/wp-content\/uploads\/2022\/08\/base_logo_transparent_background.png\",\"contentUrl\":\"https:\/\/soem.nl\/wp-content\/uploads\/2022\/08\/base_logo_transparent_background.png\",\"width\":3125,\"height\":1875,\"caption\":\"SOEM \u00a9 | Voor elk gewicht een passende weegschaal\"},\"image\":{\"@id\":\"https:\/\/soem.nl\/de\/#\/schema\/logo\/image\/\"},\"sameAs\":[\"https:\/\/www.facebook.com\/soemproducts\/\",\"https:\/\/www.instagram.com\/soem.products\/\"]}]}<\/script>\n<meta property=\"product:price:amount\" content=\"24.95\" \/>\n<meta property=\"product:price:currency\" content=\"EUR\" \/>\n<meta property=\"og:availability\" content=\"instock\" \/>\n<meta property=\"product:availability\" content=\"instock\" \/>\n<meta property=\"product:retailer_item_id\" content=\"8720938334061\" \/>\n<meta property=\"product:condition\" content=\"new\" \/>\n<!-- \/ Yoast SEO Premium plugin. -->","yoast_head_json":{"title":"Kompakte digitale K\u00fcchenwaage 0,1 Gramm mit Tara-Funktion","description":"Sie haben nicht viel Platz, suchen aber nach einer hochwertigen K\u00fcchenwaage? Diese Waage ist nur 10 x 12 cm gro\u00df. Ideal f\u00fcr die kleine K\u00fcche","robots":{"index":"index","follow":"follow","max-snippet":"max-snippet:-1","max-image-preview":"max-image-preview:large","max-video-preview":"max-video-preview:-1"},"canonical":"https:\/\/soem.nl\/de\/product\/digitale-kuechenwaage-praezise-von-6kg-bis-01-gramm-inkl-tara-funktion\/","og_locale":"de_DE","og_type":"article","og_title":"Digitale K\u00fcchenwaage - Pr\u00e4zise von 6kg bis 0,1 Gramm inkl. Tara-Funktion","og_description":"Sie haben nicht viel Platz, suchen aber nach einer hochwertigen K\u00fcchenwaage? Diese Waage ist nur 10 x 12 cm gro\u00df. Ideal f\u00fcr die kleine K\u00fcche","og_url":"https:\/\/soem.nl\/de\/product\/digitale-kuechenwaage-praezise-von-6kg-bis-01-gramm-inkl-tara-funktion\/","og_site_name":"SOEM \u00a9 | Voor elk gewicht een passende weegschaal","article_publisher":"https:\/\/www.facebook.com\/soemproducts\/","og_image":[{"width":2000,"height":2000,"url":"https:\/\/soem.nl\/wp-content\/uploads\/2023\/04\/SOEM-Kitchen-scale-K38-1.png","type":"image\/png"}],"twitter_card":"summary_large_image","twitter_misc":{"Preis":"&euro;&nbsp;24,95","Verf\u00fcgbarkeit":"Auf Lager"},"schema":{"@context":"https:\/\/schema.org","@graph":[{"@type":"WebPage","@id":"https:\/\/soem.nl\/de\/product\/digitale-kuechenwaage-praezise-von-6kg-bis-01-gramm-inkl-tara-funktion\/","url":"https:\/\/soem.nl\/de\/product\/digitale-kuechenwaage-praezise-von-6kg-bis-01-gramm-inkl-tara-funktion\/","name":"Kompakte digitale K\u00fcchenwaage 0,1 Gramm mit Tara-Funktion","isPartOf":{"@id":"https:\/\/soem.nl\/de\/#website"},"primaryImageOfPage":{"@id":"https:\/\/soem.nl\/de\/product\/digitale-kuechenwaage-praezise-von-6kg-bis-01-gramm-inkl-tara-funktion\/#primaryimage"},"image":{"@id":"https:\/\/soem.nl\/de\/product\/digitale-kuechenwaage-praezise-von-6kg-bis-01-gramm-inkl-tara-funktion\/#primaryimage"},"thumbnailUrl":"https:\/\/soem.nl\/wp-content\/uploads\/2023\/04\/SOEM-Kitchen-scale-K38-1.png","datePublished":"2023-04-22T09:22:18+00:00","description":"Sie haben nicht viel Platz, suchen aber nach einer hochwertigen K\u00fcchenwaage? Diese Waage ist nur 10 x 12 cm gro\u00df. Ideal f\u00fcr die kleine K\u00fcche","breadcrumb":{"@id":"https:\/\/soem.nl\/de\/product\/digitale-kuechenwaage-praezise-von-6kg-bis-01-gramm-inkl-tara-funktion\/#breadcrumb"},"inLanguage":"de","potentialAction":[{"@type":"ReadAction","target":["https:\/\/soem.nl\/de\/product\/digitale-kuechenwaage-praezise-von-6kg-bis-01-gramm-inkl-tara-funktion\/"]}]},{"@type":"ImageObject","inLanguage":"de","@id":"https:\/\/soem.nl\/de\/product\/digitale-kuechenwaage-praezise-von-6kg-bis-01-gramm-inkl-tara-funktion\/#primaryimage","url":"https:\/\/soem.nl\/wp-content\/uploads\/2023\/04\/SOEM-Kitchen-scale-K38-1.png","contentUrl":"https:\/\/soem.nl\/wp-content\/uploads\/2023\/04\/SOEM-Kitchen-scale-K38-1.png","width":2000,"height":2000,"caption":"SOEM K\u00fcchenwaage K38-1"},{"@type":"BreadcrumbList","@id":"https:\/\/soem.nl\/de\/product\/digitale-kuechenwaage-praezise-von-6kg-bis-01-gramm-inkl-tara-funktion\/#breadcrumb","itemListElement":[{"@type":"ListItem","position":1,"name":"Home","item":"https:\/\/soem.nl\/de\/startseite\/"},{"@type":"ListItem","position":2,"name":"Shop","item":"https:\/\/soem.nl\/shop\/"},{"@type":"ListItem","position":3,"name":"Digitale K\u00fcchenwaage &#8211; Pr\u00e4zise von 6kg bis 0,1 Gramm inkl. Tara-Funktion"}]},{"@type":"WebSite","@id":"https:\/\/soem.nl\/de\/#website","url":"https:\/\/soem.nl\/de\/","name":"SOEM \u00a9 | Voor elk gewicht een passende weegschaal","description":"Voor keuken, koffie en precisie","publisher":{"@id":"https:\/\/soem.nl\/de\/#organization"},"potentialAction":[{"@type":"SearchAction","target":{"@type":"EntryPoint","urlTemplate":"https:\/\/soem.nl\/de\/?s={search_term_string}"},"query-input":{"@type":"PropertyValueSpecification","valueRequired":true,"valueName":"search_term_string"}}],"inLanguage":"de"},{"@type":"Organization","@id":"https:\/\/soem.nl\/de\/#organization","name":"SOEM \u00a9 | Voor elk gewicht een passende weegschaal","url":"https:\/\/soem.nl\/de\/","logo":{"@type":"ImageObject","inLanguage":"de","@id":"https:\/\/soem.nl\/de\/#\/schema\/logo\/image\/","url":"https:\/\/soem.nl\/wp-content\/uploads\/2022\/08\/base_logo_transparent_background.png","contentUrl":"https:\/\/soem.nl\/wp-content\/uploads\/2022\/08\/base_logo_transparent_background.png","width":3125,"height":1875,"caption":"SOEM \u00a9 | Voor elk gewicht een passende weegschaal"},"image":{"@id":"https:\/\/soem.nl\/de\/#\/schema\/logo\/image\/"},"sameAs":["https:\/\/www.facebook.com\/soemproducts\/","https:\/\/www.instagram.com\/soem.products\/"]}]},"product_price_amount":"24.95","product_price_currency":"EUR","og_availability":"instock","product_availability":"instock","product_retailer_item_id":"8720938334061","product_condition":"new"},"_links":{"self":[{"href":"https:\/\/soem.nl\/de\/wp-json\/wp\/v2\/product\/1477","targetHints":{"allow":["GET"]}}],"collection":[{"href":"https:\/\/soem.nl\/de\/wp-json\/wp\/v2\/product"}],"about":[{"href":"https:\/\/soem.nl\/de\/wp-json\/wp\/v2\/types\/product"}],"replies":[{"embeddable":true,"href":"https:\/\/soem.nl\/de\/wp-json\/wp\/v2\/comments?post=1477"}],"wp:featuredmedia":[{"embeddable":true,"href":"https:\/\/soem.nl\/de\/wp-json\/wp\/v2\/media\/1194"}],"wp:attachment":[{"href":"https:\/\/soem.nl\/de\/wp-json\/wp\/v2\/media?parent=1477"}],"wp:term":[{"taxonomy":"product_brand","embeddable":true,"href":"https:\/\/soem.nl\/de\/wp-json\/wp\/v2\/product_brand?post=1477"},{"taxonomy":"product_cat","embeddable":true,"href":"https:\/\/soem.nl\/de\/wp-json\/wp\/v2\/product_cat?post=1477"},{"taxonomy":"product_tag","embeddable":true,"href":"https:\/\/soem.nl\/de\/wp-json\/wp\/v2\/product_tag?post=1477"}],"curies":[{"name":"wp","href":"https:\/\/api.w.org\/{rel}","templated":true}]}}