{"id":1550,"date":"2024-12-24T10:15:37","date_gmt":"2024-12-24T10:15:37","guid":{"rendered":"https:\/\/soem.nl\/product\/edelstahl-messloeffel-set-8-teilig-magnetisch\/"},"modified":"2024-12-24T10:16:39","modified_gmt":"2024-12-24T10:16:39","slug":"edelstahl-messloeffel-set-8-teilig-magnetisch","status":"publish","type":"product","link":"https:\/\/soem.nl\/de\/product\/edelstahl-messloeffel-set-8-teilig-magnetisch\/","title":{"rendered":"Edelstahl Messl\u00f6ffel Set 8-teilig Magnetisch"},"content":{"rendered":"<p>Das SOEM Messl\u00f6ffel-Set macht das Abmessen von Zutaten einfach und bunt! Dieses hochwertige Set aus rostfreiem Stahl und mit Magnetfunktion ist ideal f\u00fcr jeden Kochbegeisterten. Das Set enth\u00e4lt acht pr\u00e4zise Messl\u00f6ffel, von denen jeder eine einzigartige, fr\u00f6hliche Farbe hat, damit Sie sie beim Kochen oder Backen leicht erkennen k\u00f6nnen.  <\/p>\n<p><strong>Merkmale:<\/strong><\/p>\n<ul>\n<li><strong>Marke:<\/strong> SOEM<\/li>\n<li><strong>Anzahl der Teile:<\/strong> 8-teilig\n<ul>\n<li><strong>1 Essl\u00f6ffel:<\/strong> 15 ml<\/li>\n<li><strong>1\/2 Essl\u00f6ffel:<\/strong> 7,5 ml<\/li>\n<li><strong>1 Teel\u00f6ffel:<\/strong> 5 ml<\/li>\n<li><strong>3\/4 Teel\u00f6ffel:<\/strong> 3,75 ml<\/li>\n<li><strong>1\/2 Teel\u00f6ffel:<\/strong> 2,5 ml<\/li>\n<li><strong>1\/4 Teel\u00f6ffel:<\/strong> 1,25 ml<\/li>\n<li><strong>1\/8 Teel\u00f6ffel:<\/strong> 0,62 ml<\/li>\n<li><strong>1 Nivellierer:<\/strong> Zum pr\u00e4zisen Nivellieren der Zutaten<\/li>\n<\/ul>\n<\/li>\n<li><strong>Material:<\/strong> Edelstahl mit magnetischen Eigenschaften f\u00fcr eine einfache Aufbewahrung<\/li>\n<li><strong>Design:<\/strong> Buntes Finish f\u00fcr schnelle Erkennung<\/li>\n<li><strong>Praktisch:<\/strong> Kompaktes und stapelbares Design<\/li>\n<\/ul>\n<p>Diese Messl\u00f6ffel sind ein Muss f\u00fcr jede K\u00fcchenausstattung, ideal f\u00fcr Anf\u00e4nger und erfahrene K\u00f6che gleicherma\u00dfen. Messen Sie genau, genie\u00dfen Sie den Komfort und bringen Sie Spa\u00df in Ihre K\u00fcche! Perfekt zum Verschenken oder um sich selbst damit zu verw\u00f6hnen.  <\/p>\n","protected":false},"excerpt":{"rendered":"<p>Das SOEM Messl\u00f6ffel-Set macht das Abmessen von Zutaten einfach und bunt! Dieses hochwertige Set aus rostfreiem Stahl und mit Magnetfunktion ist ideal f\u00fcr jeden Kochbegeisterten. Das Set enth\u00e4lt acht pr\u00e4zise Messl\u00f6ffel, von denen jeder eine einzigartige, fr\u00f6hliche Farbe hat, damit Sie sie beim Kochen oder Backen leicht erkennen k\u00f6nnen. Merkmale: Marke: SOEM Anzahl der Teile: [&#8230;]\n","protected":false},"featured_media":1547,"comment_status":"closed","ping_status":"closed","template":"","meta":[],"product_brand":[],"product_cat":[119],"product_tag":[],"class_list":{"0":"post-1550","1":"product","2":"type-product","3":"status-publish","4":"has-post-thumbnail","6":"product_cat-messloffel","8":"first","9":"instock","10":"taxable","11":"shipping-taxable","12":"purchasable","13":"product-type-simple"},"yoast_head":"<!-- This site is optimized with the Yoast SEO Premium plugin v21.5 (Yoast SEO v27.2) - https:\/\/yoast.com\/product\/yoast-seo-premium-wordpress\/ -->\n<title>Edelstahl Messl\u00f6ffel Set 8-teilig Magnetisch - SOEM \u00a9 | Voor elk gewicht een passende weegschaal<\/title>\n<meta name=\"robots\" content=\"index, follow, max-snippet:-1, max-image-preview:large, max-video-preview:-1\" \/>\n<link rel=\"canonical\" href=\"https:\/\/soem.nl\/de\/product\/edelstahl-messloeffel-set-8-teilig-magnetisch\/\" \/>\n<meta property=\"og:locale\" content=\"de_DE\" \/>\n<meta property=\"og:type\" content=\"article\" \/>\n<meta property=\"og:title\" content=\"Edelstahl Messl\u00f6ffel Set 8-teilig Magnetisch\" \/>\n<meta property=\"og:description\" content=\"Das SOEM Messl\u00f6ffel-Set macht das Abmessen von Zutaten einfach und bunt! Dieses hochwertige Set aus rostfreiem Stahl und mit Magnetfunktion ist ideal f\u00fcr jeden Kochbegeisterten. Das Set enth\u00e4lt acht pr\u00e4zise Messl\u00f6ffel, von denen jeder eine einzigartige, fr\u00f6hliche Farbe hat, damit Sie sie beim Kochen oder Backen leicht erkennen k\u00f6nnen. Merkmale: Marke: SOEM Anzahl der Teile: [...]\" \/>\n<meta property=\"og:url\" content=\"https:\/\/soem.nl\/de\/product\/edelstahl-messloeffel-set-8-teilig-magnetisch\/\" \/>\n<meta property=\"og:site_name\" content=\"SOEM \u00a9 | Voor elk gewicht een passende weegschaal\" \/>\n<meta property=\"article:publisher\" content=\"https:\/\/www.facebook.com\/soemproducts\/\" \/>\n<meta property=\"article:modified_time\" content=\"2024-12-24T10:16:39+00:00\" \/>\n<meta name=\"twitter:card\" content=\"summary_large_image\" \/>\n<meta name=\"twitter:label1\" content=\"Preis\" \/>\n\t<meta name=\"twitter:data1\" content=\"&euro;&nbsp;24,95\" \/>\n\t<meta name=\"twitter:label2\" content=\"Verf\u00fcgbarkeit\" \/>\n\t<meta name=\"twitter:data2\" content=\"Auf Lager\" \/>\n<script type=\"application\/ld+json\" class=\"yoast-schema-graph\">{\"@context\":\"https:\/\/schema.org\",\"@graph\":[{\"@type\":\"WebPage\",\"@id\":\"https:\/\/soem.nl\/de\/product\/edelstahl-messloeffel-set-8-teilig-magnetisch\/\",\"url\":\"https:\/\/soem.nl\/de\/product\/edelstahl-messloeffel-set-8-teilig-magnetisch\/\",\"name\":\"Edelstahl Messl\u00f6ffel Set 8-teilig Magnetisch - SOEM \u00a9 | Voor elk gewicht een passende weegschaal\",\"isPartOf\":{\"@id\":\"https:\/\/soem.nl\/de\/#website\"},\"primaryImageOfPage\":{\"@id\":\"https:\/\/soem.nl\/de\/product\/edelstahl-messloeffel-set-8-teilig-magnetisch\/#primaryimage\"},\"image\":{\"@id\":\"https:\/\/soem.nl\/de\/product\/edelstahl-messloeffel-set-8-teilig-magnetisch\/#primaryimage\"},\"thumbnailUrl\":\"https:\/\/soem.nl\/wp-content\/uploads\/2024\/12\/SOEM-Maatlepels-set-8-delig-magnetisch-2000x2000-1.svg\",\"datePublished\":\"2024-12-24T10:15:37+00:00\",\"dateModified\":\"2024-12-24T10:16:39+00:00\",\"breadcrumb\":{\"@id\":\"https:\/\/soem.nl\/de\/product\/edelstahl-messloeffel-set-8-teilig-magnetisch\/#breadcrumb\"},\"inLanguage\":\"de\",\"potentialAction\":[{\"@type\":\"ReadAction\",\"target\":[\"https:\/\/soem.nl\/de\/product\/edelstahl-messloeffel-set-8-teilig-magnetisch\/\"]}]},{\"@type\":\"ImageObject\",\"inLanguage\":\"de\",\"@id\":\"https:\/\/soem.nl\/de\/product\/edelstahl-messloeffel-set-8-teilig-magnetisch\/#primaryimage\",\"url\":\"https:\/\/soem.nl\/wp-content\/uploads\/2024\/12\/SOEM-Maatlepels-set-8-delig-magnetisch-2000x2000-1.svg\",\"contentUrl\":\"https:\/\/soem.nl\/wp-content\/uploads\/2024\/12\/SOEM-Maatlepels-set-8-delig-magnetisch-2000x2000-1.svg\",\"caption\":\"SOEM Messl\u00f6ffel Set 8 St\u00fcck magnetisch 2000x2000\"},{\"@type\":\"BreadcrumbList\",\"@id\":\"https:\/\/soem.nl\/de\/product\/edelstahl-messloeffel-set-8-teilig-magnetisch\/#breadcrumb\",\"itemListElement\":[{\"@type\":\"ListItem\",\"position\":1,\"name\":\"Home\",\"item\":\"https:\/\/soem.nl\/de\/startseite\/\"},{\"@type\":\"ListItem\",\"position\":2,\"name\":\"Shop\",\"item\":\"https:\/\/soem.nl\/shop\/\"},{\"@type\":\"ListItem\",\"position\":3,\"name\":\"Edelstahl Messl\u00f6ffel Set 8-teilig Magnetisch\"}]},{\"@type\":\"WebSite\",\"@id\":\"https:\/\/soem.nl\/de\/#website\",\"url\":\"https:\/\/soem.nl\/de\/\",\"name\":\"SOEM \u00a9 | Voor elk gewicht een passende weegschaal\",\"description\":\"Voor keuken, koffie en precisie\",\"publisher\":{\"@id\":\"https:\/\/soem.nl\/de\/#organization\"},\"potentialAction\":[{\"@type\":\"SearchAction\",\"target\":{\"@type\":\"EntryPoint\",\"urlTemplate\":\"https:\/\/soem.nl\/de\/?s={search_term_string}\"},\"query-input\":{\"@type\":\"PropertyValueSpecification\",\"valueRequired\":true,\"valueName\":\"search_term_string\"}}],\"inLanguage\":\"de\"},{\"@type\":\"Organization\",\"@id\":\"https:\/\/soem.nl\/de\/#organization\",\"name\":\"SOEM \u00a9 | Voor elk gewicht een passende weegschaal\",\"url\":\"https:\/\/soem.nl\/de\/\",\"logo\":{\"@type\":\"ImageObject\",\"inLanguage\":\"de\",\"@id\":\"https:\/\/soem.nl\/de\/#\/schema\/logo\/image\/\",\"url\":\"https:\/\/soem.nl\/wp-content\/uploads\/2022\/08\/base_logo_transparent_background.png\",\"contentUrl\":\"https:\/\/soem.nl\/wp-content\/uploads\/2022\/08\/base_logo_transparent_background.png\",\"width\":3125,\"height\":1875,\"caption\":\"SOEM \u00a9 | Voor elk gewicht een passende weegschaal\"},\"image\":{\"@id\":\"https:\/\/soem.nl\/de\/#\/schema\/logo\/image\/\"},\"sameAs\":[\"https:\/\/www.facebook.com\/soemproducts\/\",\"https:\/\/www.instagram.com\/soem.products\/\"]}]}<\/script>\n<meta property=\"product:price:amount\" content=\"24.95\" \/>\n<meta property=\"product:price:currency\" content=\"EUR\" \/>\n<meta property=\"og:availability\" content=\"instock\" \/>\n<meta property=\"product:availability\" content=\"instock\" \/>\n<meta property=\"product:retailer_item_id\" content=\"8720938334030\" \/>\n<meta property=\"product:condition\" content=\"new\" \/>\n<!-- \/ Yoast SEO Premium plugin. -->","yoast_head_json":{"title":"Edelstahl Messl\u00f6ffel Set 8-teilig Magnetisch - SOEM \u00a9 | Voor elk gewicht een passende weegschaal","robots":{"index":"index","follow":"follow","max-snippet":"max-snippet:-1","max-image-preview":"max-image-preview:large","max-video-preview":"max-video-preview:-1"},"canonical":"https:\/\/soem.nl\/de\/product\/edelstahl-messloeffel-set-8-teilig-magnetisch\/","og_locale":"de_DE","og_type":"article","og_title":"Edelstahl Messl\u00f6ffel Set 8-teilig Magnetisch","og_description":"Das SOEM Messl\u00f6ffel-Set macht das Abmessen von Zutaten einfach und bunt! Dieses hochwertige Set aus rostfreiem Stahl und mit Magnetfunktion ist ideal f\u00fcr jeden Kochbegeisterten. Das Set enth\u00e4lt acht pr\u00e4zise Messl\u00f6ffel, von denen jeder eine einzigartige, fr\u00f6hliche Farbe hat, damit Sie sie beim Kochen oder Backen leicht erkennen k\u00f6nnen. Merkmale: Marke: SOEM Anzahl der Teile: [...]","og_url":"https:\/\/soem.nl\/de\/product\/edelstahl-messloeffel-set-8-teilig-magnetisch\/","og_site_name":"SOEM \u00a9 | Voor elk gewicht een passende weegschaal","article_publisher":"https:\/\/www.facebook.com\/soemproducts\/","article_modified_time":"2024-12-24T10:16:39+00:00","twitter_card":"summary_large_image","twitter_misc":{"Preis":"&euro;&nbsp;24,95","Verf\u00fcgbarkeit":"Auf Lager"},"schema":{"@context":"https:\/\/schema.org","@graph":[{"@type":"WebPage","@id":"https:\/\/soem.nl\/de\/product\/edelstahl-messloeffel-set-8-teilig-magnetisch\/","url":"https:\/\/soem.nl\/de\/product\/edelstahl-messloeffel-set-8-teilig-magnetisch\/","name":"Edelstahl Messl\u00f6ffel Set 8-teilig Magnetisch - SOEM \u00a9 | Voor elk gewicht een passende weegschaal","isPartOf":{"@id":"https:\/\/soem.nl\/de\/#website"},"primaryImageOfPage":{"@id":"https:\/\/soem.nl\/de\/product\/edelstahl-messloeffel-set-8-teilig-magnetisch\/#primaryimage"},"image":{"@id":"https:\/\/soem.nl\/de\/product\/edelstahl-messloeffel-set-8-teilig-magnetisch\/#primaryimage"},"thumbnailUrl":"https:\/\/soem.nl\/wp-content\/uploads\/2024\/12\/SOEM-Maatlepels-set-8-delig-magnetisch-2000x2000-1.svg","datePublished":"2024-12-24T10:15:37+00:00","dateModified":"2024-12-24T10:16:39+00:00","breadcrumb":{"@id":"https:\/\/soem.nl\/de\/product\/edelstahl-messloeffel-set-8-teilig-magnetisch\/#breadcrumb"},"inLanguage":"de","potentialAction":[{"@type":"ReadAction","target":["https:\/\/soem.nl\/de\/product\/edelstahl-messloeffel-set-8-teilig-magnetisch\/"]}]},{"@type":"ImageObject","inLanguage":"de","@id":"https:\/\/soem.nl\/de\/product\/edelstahl-messloeffel-set-8-teilig-magnetisch\/#primaryimage","url":"https:\/\/soem.nl\/wp-content\/uploads\/2024\/12\/SOEM-Maatlepels-set-8-delig-magnetisch-2000x2000-1.svg","contentUrl":"https:\/\/soem.nl\/wp-content\/uploads\/2024\/12\/SOEM-Maatlepels-set-8-delig-magnetisch-2000x2000-1.svg","caption":"SOEM Messl\u00f6ffel Set 8 St\u00fcck magnetisch 2000x2000"},{"@type":"BreadcrumbList","@id":"https:\/\/soem.nl\/de\/product\/edelstahl-messloeffel-set-8-teilig-magnetisch\/#breadcrumb","itemListElement":[{"@type":"ListItem","position":1,"name":"Home","item":"https:\/\/soem.nl\/de\/startseite\/"},{"@type":"ListItem","position":2,"name":"Shop","item":"https:\/\/soem.nl\/shop\/"},{"@type":"ListItem","position":3,"name":"Edelstahl Messl\u00f6ffel Set 8-teilig Magnetisch"}]},{"@type":"WebSite","@id":"https:\/\/soem.nl\/de\/#website","url":"https:\/\/soem.nl\/de\/","name":"SOEM \u00a9 | Voor elk gewicht een passende weegschaal","description":"Voor keuken, koffie en precisie","publisher":{"@id":"https:\/\/soem.nl\/de\/#organization"},"potentialAction":[{"@type":"SearchAction","target":{"@type":"EntryPoint","urlTemplate":"https:\/\/soem.nl\/de\/?s={search_term_string}"},"query-input":{"@type":"PropertyValueSpecification","valueRequired":true,"valueName":"search_term_string"}}],"inLanguage":"de"},{"@type":"Organization","@id":"https:\/\/soem.nl\/de\/#organization","name":"SOEM \u00a9 | Voor elk gewicht een passende weegschaal","url":"https:\/\/soem.nl\/de\/","logo":{"@type":"ImageObject","inLanguage":"de","@id":"https:\/\/soem.nl\/de\/#\/schema\/logo\/image\/","url":"https:\/\/soem.nl\/wp-content\/uploads\/2022\/08\/base_logo_transparent_background.png","contentUrl":"https:\/\/soem.nl\/wp-content\/uploads\/2022\/08\/base_logo_transparent_background.png","width":3125,"height":1875,"caption":"SOEM \u00a9 | Voor elk gewicht een passende weegschaal"},"image":{"@id":"https:\/\/soem.nl\/de\/#\/schema\/logo\/image\/"},"sameAs":["https:\/\/www.facebook.com\/soemproducts\/","https:\/\/www.instagram.com\/soem.products\/"]}]},"product_price_amount":"24.95","product_price_currency":"EUR","og_availability":"instock","product_availability":"instock","product_retailer_item_id":"8720938334030","product_condition":"new"},"_links":{"self":[{"href":"https:\/\/soem.nl\/de\/wp-json\/wp\/v2\/product\/1550","targetHints":{"allow":["GET"]}}],"collection":[{"href":"https:\/\/soem.nl\/de\/wp-json\/wp\/v2\/product"}],"about":[{"href":"https:\/\/soem.nl\/de\/wp-json\/wp\/v2\/types\/product"}],"replies":[{"embeddable":true,"href":"https:\/\/soem.nl\/de\/wp-json\/wp\/v2\/comments?post=1550"}],"wp:featuredmedia":[{"embeddable":true,"href":"https:\/\/soem.nl\/de\/wp-json\/wp\/v2\/media\/1547"}],"wp:attachment":[{"href":"https:\/\/soem.nl\/de\/wp-json\/wp\/v2\/media?parent=1550"}],"wp:term":[{"taxonomy":"product_brand","embeddable":true,"href":"https:\/\/soem.nl\/de\/wp-json\/wp\/v2\/product_brand?post=1550"},{"taxonomy":"product_cat","embeddable":true,"href":"https:\/\/soem.nl\/de\/wp-json\/wp\/v2\/product_cat?post=1550"},{"taxonomy":"product_tag","embeddable":true,"href":"https:\/\/soem.nl\/de\/wp-json\/wp\/v2\/product_tag?post=1550"}],"curies":[{"name":"wp","href":"https:\/\/api.w.org\/{rel}","templated":true}]}}