{"id":1522,"date":"2023-06-05T11:44:59","date_gmt":"2023-06-05T11:44:59","guid":{"rendered":"https:\/\/soem.nl\/actions\/abonnez-vous-et-gagnez\/"},"modified":"2024-12-23T19:22:51","modified_gmt":"2024-12-23T19:22:51","slug":"abonnez-vous-et-gagnez","status":"publish","type":"page","link":"https:\/\/soem.nl\/fr\/actions\/abonnez-vous-et-gagnez\/","title":{"rendered":"Abonnez-vous et gagnez"},"content":{"rendered":"\n\t<section class=\"section\" id=\"section_1620380491\">\n\t\t<div class=\"section-bg fill\" >\n\t\t\t\t\t\t\t\t\t\n\t\t\t\n\n\t\t<\/div>\n\n\t\t\n\n\t\t<div class=\"section-content relative\">\n\t\t\t\n<h2 style=\"text-align: center;\">Maak Kans op een Bol.com Cadeaukaart t.w.v. \u20ac100!<\/h2>\n<div class=\"row\"  id=\"row-1926698427\">\n\n\t<div id=\"col-1655906504\" class=\"col medium-4 small-12 large-4\"  >\n\t\t\t\t<div class=\"col-inner\"  >\n\t\t\t\n\t\t\t\n\t\t<\/div>\n\t\t\t\t\t<\/div>\n\n\t\n\n\t<div id=\"col-1111882983\" class=\"col medium-4 small-12 large-4\"  >\n\t\t\t\t<div class=\"col-inner\"  >\n\t\t\t\n\t\t\t\n\t<div class=\"img has-hover x md-x lg-x y md-y lg-y\" id=\"image_170203493\">\n\t\t\t\t\t\t\t\t<div class=\"img-inner dark\" >\n\t\t\t<img loading=\"lazy\" decoding=\"async\" width=\"329\" height=\"225\" src=\"https:\/\/soem.nl\/wp-content\/uploads\/2023\/01\/Bol.com-giftcard.png\" class=\"attachment-large size-large\" alt=\"\" srcset=\"https:\/\/soem.nl\/wp-content\/uploads\/2023\/01\/Bol.com-giftcard.png 329w, https:\/\/soem.nl\/wp-content\/uploads\/2023\/01\/Bol.com-giftcard-300x205.png 300w\" sizes=\"auto, (max-width: 329px) 100vw, 329px\" \/>\t\t\t\t\t\t\n\t\t\t\t\t<\/div>\n\t\t\t\t\t\t\t\t\n<style>\n#image_170203493 {\n  width: 100%;\n}\n<\/style>\n\t<\/div>\n\t\n\t\t<\/div>\n\t\t\t\t\t<\/div>\n\n\t\n\n\t<div id=\"col-93928621\" class=\"col medium-4 small-12 large-4\"  >\n\t\t\t\t<div class=\"col-inner\"  >\n\t\t\t\n\t\t\t\n\t\t<\/div>\n\t\t\t\t\t<\/div>\n\n\t\n<\/div>\n\t\t<\/div>\n\n\t\t\n<style>\n#section_1620380491 {\n  padding-top: 30px;\n  padding-bottom: 30px;\n}\n<\/style>\n\t<\/section>\n\t\n\n\t<section class=\"section\" id=\"section_1386260916\">\n\t\t<div class=\"section-bg fill\" >\n\t\t\t\t\t\t\t\t\t\n\t\t\t\n\n\t\t<\/div>\n\n\t\t\n\n\t\t<div class=\"section-content relative\">\n\t\t\t\n<div>\n<h3>Merci pour votre achat !<\/h3>\n<\/div>\n<div><\/div>\n<div>Client fid\u00e8le de SOEM,<\/div>\n<div><\/div>\n<div>\n<p>C&#8217;est fantastique que vous ayez choisi SOEM ! Nous esp\u00e9rons que vous \u00eates satisfait de votre nouvel achat. Votre opinion vaut de l&#8217;or pour nous, c&#8217;est pourquoi nous vous invitons \u00e0 laisser un commentaire. Pour vous remercier de votre temps et de vos efforts, vous aurez la chance de gagner une carte cadeau Bol.com d&#8217;une valeur de 100 \u20ac !   <\/p>\n<\/div>\n<div>\n<p><strong>Comment cela fonctionne-t-il ?<\/strong><br \/>\nC&#8217;est simple et cela ne vous prendra que quelques minutes !<br \/>\nRemplissez <strong>le formulaire ci-dessous en<\/strong> indiquant votre nom et votre adresse \u00e9lectronique pour que nous puissions vous joindre. Apr\u00e8s avoir rempli le formulaire, vous recevrez un e-mail de notre part. Celui-ci vous expliquera comment laisser votre avis.<br \/>\nSuivez les instructions contenues dans l&#8217;e-mail pour publier votre avis <strong>.<\/strong><\/p>\n<p><strong>Tentez de gagner 100 euros pour Bol.com !<\/strong><br \/>\nUne fois votre commentaire publi\u00e9, vous participerez automatiquement au tirage au sort de la carte-cadeau Bol.com.<\/p>\n<\/div>\n<div><script type=\"text\/javascript\">\n\/* <![CDATA[ *\/\nvar gform;gform||(document.addEventListener(\"gform_main_scripts_loaded\",function(){gform.scriptsLoaded=!0}),document.addEventListener(\"gform\/theme\/scripts_loaded\",function(){gform.themeScriptsLoaded=!0}),window.addEventListener(\"DOMContentLoaded\",function(){gform.domLoaded=!0}),gform={domLoaded:!1,scriptsLoaded:!1,themeScriptsLoaded:!1,isFormEditor:()=>\"function\"==typeof InitializeEditor,callIfLoaded:function(o){return!(!gform.domLoaded||!gform.scriptsLoaded||!gform.themeScriptsLoaded&&!gform.isFormEditor()||(gform.isFormEditor()&&console.warn(\"The use of gform.initializeOnLoaded() is deprecated in the form editor context and will be removed in Gravity Forms 3.1.\"),o(),0))},initializeOnLoaded:function(o){gform.callIfLoaded(o)||(document.addEventListener(\"gform_main_scripts_loaded\",()=>{gform.scriptsLoaded=!0,gform.callIfLoaded(o)}),document.addEventListener(\"gform\/theme\/scripts_loaded\",()=>{gform.themeScriptsLoaded=!0,gform.callIfLoaded(o)}),window.addEventListener(\"DOMContentLoaded\",()=>{gform.domLoaded=!0,gform.callIfLoaded(o)}))},hooks:{action:{},filter:{}},addAction:function(o,r,e,t){gform.addHook(\"action\",o,r,e,t)},addFilter:function(o,r,e,t){gform.addHook(\"filter\",o,r,e,t)},doAction:function(o){gform.doHook(\"action\",o,arguments)},applyFilters:function(o){return gform.doHook(\"filter\",o,arguments)},removeAction:function(o,r){gform.removeHook(\"action\",o,r)},removeFilter:function(o,r,e){gform.removeHook(\"filter\",o,r,e)},addHook:function(o,r,e,t,n){null==gform.hooks[o][r]&&(gform.hooks[o][r]=[]);var d=gform.hooks[o][r];null==n&&(n=r+\"_\"+d.length),gform.hooks[o][r].push({tag:n,callable:e,priority:t=null==t?10:t})},doHook:function(r,o,e){var t;if(e=Array.prototype.slice.call(e,1),null!=gform.hooks[r][o]&&((o=gform.hooks[r][o]).sort(function(o,r){return o.priority-r.priority}),o.forEach(function(o){\"function\"!=typeof(t=o.callable)&&(t=window[t]),\"action\"==r?t.apply(null,e):e[0]=t.apply(null,e)})),\"filter\"==r)return e[0]},removeHook:function(o,r,t,n){var e;null!=gform.hooks[o][r]&&(e=(e=gform.hooks[o][r]).filter(function(o,r,e){return!!(null!=n&&n!=o.tag||null!=t&&t!=o.priority)}),gform.hooks[o][r]=e)}});\n\/* ]]> *\/\n<\/script>\n\n                <div class='gf_browser_gecko gform_wrapper gravity-theme gform-theme--no-framework' data-form-theme='gravity-theme' data-form-index='0' id='gform_wrapper_8' >\n                        <div class='gform_heading'>\n                            <h2 class=\"gform_title\">Gagnez une action de 100 euros<\/h2>\n                        <\/div><form method='post' enctype='multipart\/form-data'  id='gform_8'  action='\/fr\/wp-json\/wp\/v2\/pages\/1522' data-formid='8' novalidate><div class='gf_invisible ginput_recaptchav3' data-sitekey='6Ldd720mAAAAAFvOi1fjwcuWt7e16UAvl-gMJJpB' data-tabindex='0'><input id=\"input_0180b06e4c723e1869a668485293411f\" class=\"gfield_recaptcha_response\" type=\"hidden\" name=\"input_0180b06e4c723e1869a668485293411f\" value=\"\"\/><\/div>\n                        <div class='gform-body gform_body'><div id='gform_fields_8' class='gform_fields top_label form_sublabel_below description_below validation_below'><fieldset id=\"field_8_1\" class=\"gfield gfield--type-name gfield_contains_required field_sublabel_below gfield--no-description field_description_below field_validation_below gfield_visibility_visible\"  ><legend class='gfield_label gform-field-label gfield_label_before_complex' >Nom<span class=\"gfield_required\"><span class=\"gfield_required gfield_required_text\">(N\u00e9cessaire)<\/span><\/span><\/legend><div class='ginput_complex ginput_container ginput_container--name no_prefix has_first_name no_middle_name has_last_name no_suffix gf_name_has_2 ginput_container_name gform-grid-row' id='input_8_1'>\n                            \n                            <span id='input_8_1_3_container' class='name_first gform-grid-col gform-grid-col--size-auto' >\n                                                    <input type='text' name='input_1.3' id='input_8_1_3' value=''   aria-required='true'     \/>\n                                                    <label for='input_8_1_3' class='gform-field-label gform-field-label--type-sub '>Pr\u00e9nom<\/label>\n                                                <\/span>\n                            \n                            <span id='input_8_1_6_container' class='name_last gform-grid-col gform-grid-col--size-auto' >\n                                                    <input type='text' name='input_1.6' id='input_8_1_6' value=''   aria-required='true'     \/>\n                                                    <label for='input_8_1_6' class='gform-field-label gform-field-label--type-sub '>Nom<\/label>\n                                                <\/span>\n                            \n                        <\/div><\/fieldset><div id=\"field_8_3\" class=\"gfield gfield--type-email gfield--width-full gfield_contains_required field_sublabel_below gfield--no-description field_description_below field_validation_below gfield_visibility_visible\"  ><label class='gfield_label gform-field-label' for='input_8_3'>Adresse \u00e9lectronique<span class=\"gfield_required\"><span class=\"gfield_required gfield_required_text\">(N\u00e9cessaire)<\/span><\/span><\/label><div class='ginput_container ginput_container_email'>\n                            <input name='input_3' id='input_8_3' type='email' value='' class='large'    aria-required=\"true\" aria-invalid=\"false\"  \/>\n                        <\/div><\/div><fieldset id=\"field_8_6\" class=\"gfield gfield--type-consent gfield--type-choice gfield--input-type-consent gfield--width-full field_sublabel_below gfield--has-description field_description_below field_validation_below gfield_visibility_visible\"  ><legend class='gfield_label gform-field-label screen-reader-text gfield_label_before_complex' >En vous inscrivant, vous acceptez nos conditions de confidentialit\u00e9, nous vous enverrons un e-mail avec les instructions et les conditions de la campagne de gain. Et toute offre interm\u00e9diaire. Vous pouvez vous d\u00e9sinscrire de nos e-mails \u00e0 tout moment.<\/legend><div class='ginput_container ginput_container_consent'><input name='input_6.1' id='input_8_6_1' type='checkbox' value='1'  aria-describedby=\"gfield_consent_description_8_6\"  aria-invalid=\"false\"   \/> <label class=\"gform-field-label gform-field-label--type-inline gfield_consent_label\" for='input_8_6_1' >J'accepte la politique de confidentialit\u00e9.<\/label><input type='hidden' name='input_6.2' value='J&#039;accepte la politique de confidentialit\u00e9.' class='gform_hidden' \/><input type='hidden' name='input_6.3' value='4' class='gform_hidden' \/><\/div><div class='gfield_description gfield_consent_description' id='gfield_consent_description_8_6' tabindex='0'>En vous inscrivant, vous acceptez nos conditions de confidentialit\u00e9, nous vous enverrons un e-mail avec les instructions et les conditions de la campagne de gain. Et toute offre interm\u00e9diaire. Vous pouvez vous d\u00e9sinscrire de nos e-mails \u00e0 tout moment.  <\/div><\/fieldset><\/div><\/div>\n        <div class='gform-footer gform_footer top_label'> <input type='submit' id='gform_submit_button_8' class='gform_button button' onclick='gform.submission.handleButtonClick(this);' data-submission-type='submit' value='Envoyer'  \/> \n            <input type='hidden' class='gform_hidden' name='gform_submission_method' data-js='gform_submission_method_8' value='postback' \/>\n            <input type='hidden' class='gform_hidden' name='gform_theme' data-js='gform_theme_8' id='gform_theme_8' value='gravity-theme' \/>\n            <input type='hidden' class='gform_hidden' name='gform_style_settings' data-js='gform_style_settings_8' id='gform_style_settings_8' value='[]' \/>\n            <input type='hidden' class='gform_hidden' name='is_submit_8' value='1' \/>\n            <input type='hidden' class='gform_hidden' name='gform_submit' value='8' \/>\n            \n            <input type='hidden' class='gform_hidden' name='gform_currency' data-currency='EUR' value='ISHaZsmew79scGx+uM\/Tg3vDOEitjDdJOqnog1vKDumfZDqHUo8sfuKIW2RfblvaQUTzYbGAkMxCQ9AAF7UiI1cFSeeBMa5WGZQ3+1\/ZMJgjSZ8=' \/>\n            <input type='hidden' class='gform_hidden' name='gform_unique_id' value='' \/>\n            <input type='hidden' class='gform_hidden' name='state_8' value='WyJ7XCI2LjFcIjpcIjdiMTI2OGE3MzNkZGU3YTQ5ZmQzYTkzNmRhZGZiMjI4XCIsXCI2LjJcIjpcImIwYjY1NzU0MmI2NmQyMDUwNDRjNjIwZGM4MGI1MGM5XCIsXCI2LjNcIjpcIjFiNjZhOWZjYWJiZmYwYjAxZGMwMDZlNzFmM2QxODhjXCJ9IiwiYTBlZDA0N2VmOTIzM2E0MzVlZmUyMDFkOGI3MGEwZmMiXQ==' \/>\n            <input type='hidden' autocomplete='off' class='gform_hidden' name='gform_target_page_number_8' id='gform_target_page_number_8' value='0' \/>\n            <input type='hidden' autocomplete='off' class='gform_hidden' name='gform_source_page_number_8' id='gform_source_page_number_8' value='1' \/>\n            <input type='hidden' name='gform_field_values' value='' \/>\n            \n        <\/div>\n                        <\/form>\n                        <\/div><script type=\"text\/javascript\">\n\/* <![CDATA[ *\/\n gform.initializeOnLoaded( function() {gformInitSpinner( 8, 'https:\/\/soem.nl\/wp-content\/plugins\/gravityforms\/images\/spinner.svg', true );jQuery('#gform_ajax_frame_8').on('load',function(){var contents = jQuery(this).contents().find('*').html();var is_postback = contents.indexOf('GF_AJAX_POSTBACK') >= 0;if(!is_postback){return;}var form_content = jQuery(this).contents().find('#gform_wrapper_8');var is_confirmation = jQuery(this).contents().find('#gform_confirmation_wrapper_8').length > 0;var is_redirect = contents.indexOf('gformRedirect(){') >= 0;var is_form = form_content.length > 0 && ! is_redirect && ! is_confirmation;var mt = parseInt(jQuery('html').css('margin-top'), 10) + parseInt(jQuery('body').css('margin-top'), 10) + 100;if(is_form){jQuery('#gform_wrapper_8').html(form_content.html());if(form_content.hasClass('gform_validation_error')){jQuery('#gform_wrapper_8').addClass('gform_validation_error');} else {jQuery('#gform_wrapper_8').removeClass('gform_validation_error');}setTimeout( function() { \/* delay the scroll by 50 milliseconds to fix a bug in chrome *\/  }, 50 );if(window['gformInitDatepicker']) {gformInitDatepicker();}if(window['gformInitPriceFields']) {gformInitPriceFields();}var current_page = jQuery('#gform_source_page_number_8').val();gformInitSpinner( 8, 'https:\/\/soem.nl\/wp-content\/plugins\/gravityforms\/images\/spinner.svg', true );jQuery(document).trigger('gform_page_loaded', [8, current_page]);window['gf_submitting_8'] = false;}else if(!is_redirect){var confirmation_content = jQuery(this).contents().find('.GF_AJAX_POSTBACK').html();if(!confirmation_content){confirmation_content = contents;}jQuery('#gform_wrapper_8').replaceWith(confirmation_content);jQuery(document).trigger('gform_confirmation_loaded', [8]);window['gf_submitting_8'] = false;wp.a11y.speak(jQuery('#gform_confirmation_message_8').text());}else{jQuery('#gform_8').append(contents);if(window['gformRedirect']) {gformRedirect();}}jQuery(document).trigger(\"gform_pre_post_render\", [{ formId: \"8\", currentPage: \"current_page\", abort: function() { this.preventDefault(); } }]);        if (event && event.defaultPrevented) {                return;        }        const gformWrapperDiv = document.getElementById( \"gform_wrapper_8\" );        if ( gformWrapperDiv ) {            const visibilitySpan = document.createElement( \"span\" );            visibilitySpan.id = \"gform_visibility_test_8\";            gformWrapperDiv.insertAdjacentElement( \"afterend\", visibilitySpan );        }        const visibilityTestDiv = document.getElementById( \"gform_visibility_test_8\" );        let postRenderFired = false;        function triggerPostRender() {            if ( postRenderFired ) {                return;            }            postRenderFired = true;            gform.core.triggerPostRenderEvents( 8, current_page );            if ( visibilityTestDiv ) {                visibilityTestDiv.parentNode.removeChild( visibilityTestDiv );            }        }        function debounce( func, wait, immediate ) {            var timeout;            return function() {                var context = this, args = arguments;                var later = function() {                    timeout = null;                    if ( !immediate ) func.apply( context, args );                };                var callNow = immediate && !timeout;                clearTimeout( timeout );                timeout = setTimeout( later, wait );                if ( callNow ) func.apply( context, args );            };        }        const debouncedTriggerPostRender = debounce( function() {            triggerPostRender();        }, 200 );        if ( visibilityTestDiv && visibilityTestDiv.offsetParent === null ) {            const observer = new MutationObserver( ( mutations ) => {                mutations.forEach( ( mutation ) => {                    if ( mutation.type === 'attributes' && visibilityTestDiv.offsetParent !== null ) {                        debouncedTriggerPostRender();                        observer.disconnect();                    }                });            });            observer.observe( document.body, {                attributes: true,                childList: false,                subtree: true,                attributeFilter: [ 'style', 'class' ],            });        } else {            triggerPostRender();        }    } );} ); \n\/* ]]> *\/\n<\/script>\n<\/div>\n<div><\/div>\n<div><strong>Les petites lettres<\/strong><\/div>\n<ul>\n<li>Cette promotion n&#8217;est valable que pour les clients SOEM qui ont effectu\u00e9 un achat.<\/li>\n<li>Le gagnant sera tir\u00e9 au sort et inform\u00e9 par e-mail.<\/li>\n<li>En participant \u00e0 cette promotion, vous autorisez SOEM \u00e0 vous contacter \u00e0 des fins de marketing.<\/li>\n<\/ul>\n<div>Nous attendons avec impatience votre commentaire et vous souhaitons bonne chance pour le tirage au sort !<\/div>\n\t\t<\/div>\n\n\t\t\n<style>\n#section_1386260916 {\n  padding-top: 30px;\n  padding-bottom: 30px;\n}\n<\/style>\n\t<\/section>\n\t\n<p>&nbsp;<\/p>\n","protected":false},"excerpt":{"rendered":"<p>&nbsp;<\/p>\n","protected":false},"author":1,"featured_media":0,"parent":1384,"menu_order":0,"comment_status":"closed","ping_status":"closed","template":"","meta":{"footnotes":""},"class_list":["post-1522","page","type-page","status-publish","hentry"],"yoast_head":"<!-- This site is optimized with the Yoast SEO Premium plugin v21.5 (Yoast SEO v27.2) - https:\/\/yoast.com\/product\/yoast-seo-premium-wordpress\/ -->\n<title>Abonnez-vous et gagnez - SOEM \u00a9 | Voor elk gewicht een passende weegschaal<\/title>\n<meta name=\"robots\" content=\"index, follow, max-snippet:-1, max-image-preview:large, max-video-preview:-1\" \/>\n<link rel=\"canonical\" href=\"https:\/\/soem.nl\/fr\/actions\/abonnez-vous-et-gagnez\/\" \/>\n<meta property=\"og:locale\" content=\"fr_FR\" \/>\n<meta property=\"og:type\" content=\"article\" \/>\n<meta property=\"og:title\" content=\"Abonnez-vous et gagnez\" \/>\n<meta property=\"og:description\" content=\"&nbsp;\" \/>\n<meta property=\"og:url\" content=\"https:\/\/soem.nl\/fr\/actions\/abonnez-vous-et-gagnez\/\" \/>\n<meta property=\"og:site_name\" content=\"SOEM \u00a9 | Voor elk gewicht een passende weegschaal\" \/>\n<meta property=\"article:publisher\" content=\"https:\/\/www.facebook.com\/soemproducts\/\" \/>\n<meta property=\"article:modified_time\" content=\"2024-12-23T19:22:51+00:00\" \/>\n<meta name=\"twitter:card\" content=\"summary_large_image\" \/>\n<meta name=\"twitter:label1\" content=\"Dur\u00e9e de lecture estim\u00e9e\" \/>\n\t<meta name=\"twitter:data1\" content=\"1 minute\" \/>\n<script type=\"application\/ld+json\" class=\"yoast-schema-graph\">{\"@context\":\"https:\/\/schema.org\",\"@graph\":[{\"@type\":\"WebPage\",\"@id\":\"https:\/\/soem.nl\/fr\/actions\/abonnez-vous-et-gagnez\/\",\"url\":\"https:\/\/soem.nl\/fr\/actions\/abonnez-vous-et-gagnez\/\",\"name\":\"Abonnez-vous et gagnez - SOEM \u00a9 | Voor elk gewicht een passende weegschaal\",\"isPartOf\":{\"@id\":\"https:\/\/soem.nl\/fr\/#website\"},\"datePublished\":\"2023-06-05T11:44:59+00:00\",\"dateModified\":\"2024-12-23T19:22:51+00:00\",\"breadcrumb\":{\"@id\":\"https:\/\/soem.nl\/fr\/actions\/abonnez-vous-et-gagnez\/#breadcrumb\"},\"inLanguage\":\"fr-FR\",\"potentialAction\":[{\"@type\":\"ReadAction\",\"target\":[\"https:\/\/soem.nl\/fr\/actions\/abonnez-vous-et-gagnez\/\"]}]},{\"@type\":\"BreadcrumbList\",\"@id\":\"https:\/\/soem.nl\/fr\/actions\/abonnez-vous-et-gagnez\/#breadcrumb\",\"itemListElement\":[{\"@type\":\"ListItem\",\"position\":1,\"name\":\"Home\",\"item\":\"https:\/\/soem.nl\/fr\/accueil\/\"},{\"@type\":\"ListItem\",\"position\":2,\"name\":\"Actions\",\"item\":\"https:\/\/soem.nl\/fr\/actions\/\"},{\"@type\":\"ListItem\",\"position\":3,\"name\":\"Abonnez-vous et gagnez\"}]},{\"@type\":\"WebSite\",\"@id\":\"https:\/\/soem.nl\/fr\/#website\",\"url\":\"https:\/\/soem.nl\/fr\/\",\"name\":\"SOEM \u00a9 | Voor elk gewicht een passende weegschaal\",\"description\":\"Voor keuken, koffie en precisie\",\"publisher\":{\"@id\":\"https:\/\/soem.nl\/fr\/#organization\"},\"potentialAction\":[{\"@type\":\"SearchAction\",\"target\":{\"@type\":\"EntryPoint\",\"urlTemplate\":\"https:\/\/soem.nl\/fr\/?s={search_term_string}\"},\"query-input\":{\"@type\":\"PropertyValueSpecification\",\"valueRequired\":true,\"valueName\":\"search_term_string\"}}],\"inLanguage\":\"fr-FR\"},{\"@type\":\"Organization\",\"@id\":\"https:\/\/soem.nl\/fr\/#organization\",\"name\":\"SOEM \u00a9 | Voor elk gewicht een passende weegschaal\",\"url\":\"https:\/\/soem.nl\/fr\/\",\"logo\":{\"@type\":\"ImageObject\",\"inLanguage\":\"fr-FR\",\"@id\":\"https:\/\/soem.nl\/fr\/#\/schema\/logo\/image\/\",\"url\":\"https:\/\/soem.nl\/wp-content\/uploads\/2022\/08\/base_logo_transparent_background.png\",\"contentUrl\":\"https:\/\/soem.nl\/wp-content\/uploads\/2022\/08\/base_logo_transparent_background.png\",\"width\":3125,\"height\":1875,\"caption\":\"SOEM \u00a9 | Voor elk gewicht een passende weegschaal\"},\"image\":{\"@id\":\"https:\/\/soem.nl\/fr\/#\/schema\/logo\/image\/\"},\"sameAs\":[\"https:\/\/www.facebook.com\/soemproducts\/\",\"https:\/\/www.instagram.com\/soem.products\/\"]}]}<\/script>\n<!-- \/ Yoast SEO Premium plugin. -->","yoast_head_json":{"title":"Abonnez-vous et gagnez - SOEM \u00a9 | Voor elk gewicht een passende weegschaal","robots":{"index":"index","follow":"follow","max-snippet":"max-snippet:-1","max-image-preview":"max-image-preview:large","max-video-preview":"max-video-preview:-1"},"canonical":"https:\/\/soem.nl\/fr\/actions\/abonnez-vous-et-gagnez\/","og_locale":"fr_FR","og_type":"article","og_title":"Abonnez-vous et gagnez","og_description":"&nbsp;","og_url":"https:\/\/soem.nl\/fr\/actions\/abonnez-vous-et-gagnez\/","og_site_name":"SOEM \u00a9 | Voor elk gewicht een passende weegschaal","article_publisher":"https:\/\/www.facebook.com\/soemproducts\/","article_modified_time":"2024-12-23T19:22:51+00:00","twitter_card":"summary_large_image","twitter_misc":{"Dur\u00e9e de lecture estim\u00e9e":"1 minute"},"schema":{"@context":"https:\/\/schema.org","@graph":[{"@type":"WebPage","@id":"https:\/\/soem.nl\/fr\/actions\/abonnez-vous-et-gagnez\/","url":"https:\/\/soem.nl\/fr\/actions\/abonnez-vous-et-gagnez\/","name":"Abonnez-vous et gagnez - SOEM \u00a9 | Voor elk gewicht een passende weegschaal","isPartOf":{"@id":"https:\/\/soem.nl\/fr\/#website"},"datePublished":"2023-06-05T11:44:59+00:00","dateModified":"2024-12-23T19:22:51+00:00","breadcrumb":{"@id":"https:\/\/soem.nl\/fr\/actions\/abonnez-vous-et-gagnez\/#breadcrumb"},"inLanguage":"fr-FR","potentialAction":[{"@type":"ReadAction","target":["https:\/\/soem.nl\/fr\/actions\/abonnez-vous-et-gagnez\/"]}]},{"@type":"BreadcrumbList","@id":"https:\/\/soem.nl\/fr\/actions\/abonnez-vous-et-gagnez\/#breadcrumb","itemListElement":[{"@type":"ListItem","position":1,"name":"Home","item":"https:\/\/soem.nl\/fr\/accueil\/"},{"@type":"ListItem","position":2,"name":"Actions","item":"https:\/\/soem.nl\/fr\/actions\/"},{"@type":"ListItem","position":3,"name":"Abonnez-vous et gagnez"}]},{"@type":"WebSite","@id":"https:\/\/soem.nl\/fr\/#website","url":"https:\/\/soem.nl\/fr\/","name":"SOEM \u00a9 | Voor elk gewicht een passende weegschaal","description":"Voor keuken, koffie en precisie","publisher":{"@id":"https:\/\/soem.nl\/fr\/#organization"},"potentialAction":[{"@type":"SearchAction","target":{"@type":"EntryPoint","urlTemplate":"https:\/\/soem.nl\/fr\/?s={search_term_string}"},"query-input":{"@type":"PropertyValueSpecification","valueRequired":true,"valueName":"search_term_string"}}],"inLanguage":"fr-FR"},{"@type":"Organization","@id":"https:\/\/soem.nl\/fr\/#organization","name":"SOEM \u00a9 | Voor elk gewicht een passende weegschaal","url":"https:\/\/soem.nl\/fr\/","logo":{"@type":"ImageObject","inLanguage":"fr-FR","@id":"https:\/\/soem.nl\/fr\/#\/schema\/logo\/image\/","url":"https:\/\/soem.nl\/wp-content\/uploads\/2022\/08\/base_logo_transparent_background.png","contentUrl":"https:\/\/soem.nl\/wp-content\/uploads\/2022\/08\/base_logo_transparent_background.png","width":3125,"height":1875,"caption":"SOEM \u00a9 | Voor elk gewicht een passende weegschaal"},"image":{"@id":"https:\/\/soem.nl\/fr\/#\/schema\/logo\/image\/"},"sameAs":["https:\/\/www.facebook.com\/soemproducts\/","https:\/\/www.instagram.com\/soem.products\/"]}]}},"_links":{"self":[{"href":"https:\/\/soem.nl\/fr\/wp-json\/wp\/v2\/pages\/1522","targetHints":{"allow":["GET"]}}],"collection":[{"href":"https:\/\/soem.nl\/fr\/wp-json\/wp\/v2\/pages"}],"about":[{"href":"https:\/\/soem.nl\/fr\/wp-json\/wp\/v2\/types\/page"}],"author":[{"embeddable":true,"href":"https:\/\/soem.nl\/fr\/wp-json\/wp\/v2\/users\/1"}],"replies":[{"embeddable":true,"href":"https:\/\/soem.nl\/fr\/wp-json\/wp\/v2\/comments?post=1522"}],"version-history":[{"count":4,"href":"https:\/\/soem.nl\/fr\/wp-json\/wp\/v2\/pages\/1522\/revisions"}],"predecessor-version":[{"id":1528,"href":"https:\/\/soem.nl\/fr\/wp-json\/wp\/v2\/pages\/1522\/revisions\/1528"}],"up":[{"embeddable":true,"href":"https:\/\/soem.nl\/fr\/wp-json\/wp\/v2\/pages\/1384"}],"wp:attachment":[{"href":"https:\/\/soem.nl\/fr\/wp-json\/wp\/v2\/media?parent=1522"}],"curies":[{"name":"wp","href":"https:\/\/api.w.org\/{rel}","templated":true}]}}