{"id":1456,"date":"2024-12-05T16:27:04","date_gmt":"2024-12-05T16:27:04","guid":{"rendered":"https:\/\/soem.nl\/product\/coupe-pizza-tranchant-robuste-et-maniable-en-acier-inoxydable-pizzzames-rouleau-a-pizza-coupe-pate-soem\/"},"modified":"2024-12-05T16:27:04","modified_gmt":"2024-12-05T16:27:04","slug":"coupe-pizza-tranchant-robuste-et-maniable-en-acier-inoxydable-pizzzames-rouleau-a-pizza-coupe-pate-soem","status":"publish","type":"product","link":"https:\/\/soem.nl\/fr\/product\/coupe-pizza-tranchant-robuste-et-maniable-en-acier-inoxydable-pizzzames-rouleau-a-pizza-coupe-pate-soem\/","title":{"rendered":"Coupe-pizza Tranchant Robuste et maniable en acier inoxydable &#8211; Pizzzames &#8211; Rouleau \u00e0 pizza &#8211; Coupe-p\u00e2te SOEM\u00a9"},"content":{"rendered":"<h3>Qui n&#8217;aime pas la pizza ?<\/h3>\n<p>Vous pouvez r\u00e9veiller des enfants en particulier pour cela. Avec un couteau normal, il est toujours difficile de passer \u00e0 travers la cro\u00fbte et il faut beaucoup d&#8217;efforts pour couper un beau morceau. Avec le coupe-pizza, vous pouvez facilement et rapidement d\u00e9couper les plus beaux morceaux de pizza pour toute la famille ! Vous pouvez \u00e9galement l&#8217;utiliser pour d&#8217;autres pains plats tels que le pain naan et le flammkuchen.     <strong>Un must dans votre cuisine !<\/strong><\/p>\n<h3>\nAvantages :<\/h3>\n<p>\u25cf Coupez facilement et rapidement une cro\u00fbte de pain\/pizza \u25cf Comprend un couvercle de protection de la lame \u25cf Mat\u00e9riau en acier inoxydable durable \u25cf Facile \u00e0 nettoyer et lavable au lave-vaisselle \u25cf Facile \u00e0 ranger.<\/p>\n<h3>\nComment l&#8217;utiliser ?<\/h3>\n<p>1. Assurez-vous que la pizza est pos\u00e9e sur une assiette ou une autre surface plane. 2. Retirez le capuchon de protection de la lame. 3. Coupez la pizza de l&#8217;ext\u00e9rieur (cro\u00fbte ext\u00e9rieure) vers l&#8217;int\u00e9rieur. 4. Passez le couteau d&#8217;avant en arri\u00e8re \u00e0 travers la pizza. 5. Coupez les morceaux \u00e0 la taille souhait\u00e9e. 6. Lorsque vous avez termin\u00e9, nettoyez soigneusement le couteau et rangez-le dans un endroit s\u00fbr.<\/p>\n","protected":false},"excerpt":{"rendered":"<p>Qui n&#8217;aime pas la pizza ? Vous pouvez r\u00e9veiller des enfants en particulier pour cela. Avec un couteau normal, il est toujours difficile de passer \u00e0 travers la cro\u00fbte et il faut beaucoup d&#8217;efforts pour couper un beau morceau. Avec le coupe-pizza, vous pouvez facilement et rapidement d\u00e9couper les plus beaux morceaux de pizza pour [&#8230;]\n","protected":false},"featured_media":1229,"comment_status":"closed","ping_status":"closed","template":"","meta":[],"product_brand":[],"product_cat":[68],"product_tag":[86,84],"class_list":{"0":"post-1456","1":"product","2":"type-product","3":"status-publish","4":"has-post-thumbnail","6":"product_cat-accessoires-de-cuisine","7":"product_tag-couteaux","8":"product_tag-pizza-fr","10":"first","11":"outofstock","12":"taxable","13":"shipping-taxable","14":"purchasable","15":"product-type-simple"},"yoast_head":"<!-- This site is optimized with the Yoast SEO Premium plugin v21.5 (Yoast SEO v27.2) - https:\/\/yoast.com\/product\/yoast-seo-premium-wordpress\/ -->\n<title>Coupe-pizza Tranchant Robuste et maniable en acier inoxydable - Pizzzames - Rouleau \u00e0 pizza - Coupe-p\u00e2te SOEM\u00a9 - SOEM \u00a9 | Voor elk gewicht een passende weegschaal<\/title>\n<meta name=\"robots\" content=\"index, follow, max-snippet:-1, max-image-preview:large, max-video-preview:-1\" \/>\n<link rel=\"canonical\" href=\"https:\/\/soem.nl\/fr\/product\/coupe-pizza-tranchant-robuste-et-maniable-en-acier-inoxydable-pizzzames-rouleau-a-pizza-coupe-pate-soem\/\" \/>\n<meta property=\"og:locale\" content=\"fr_FR\" \/>\n<meta property=\"og:type\" content=\"article\" \/>\n<meta property=\"og:title\" content=\"Coupe-pizza Tranchant Robuste et maniable en acier inoxydable - Pizzzames - Rouleau \u00e0 pizza - Coupe-p\u00e2te SOEM\u00a9\" \/>\n<meta property=\"og:description\" content=\"Qui n&#8217;aime pas la pizza ? Vous pouvez r\u00e9veiller des enfants en particulier pour cela. Avec un couteau normal, il est toujours difficile de passer \u00e0 travers la cro\u00fbte et il faut beaucoup d&#8217;efforts pour couper un beau morceau. Avec le coupe-pizza, vous pouvez facilement et rapidement d\u00e9couper les plus beaux morceaux de pizza pour [...]\" \/>\n<meta property=\"og:url\" content=\"https:\/\/soem.nl\/fr\/product\/coupe-pizza-tranchant-robuste-et-maniable-en-acier-inoxydable-pizzzames-rouleau-a-pizza-coupe-pate-soem\/\" \/>\n<meta property=\"og:site_name\" content=\"SOEM \u00a9 | Voor elk gewicht een passende weegschaal\" \/>\n<meta property=\"article:publisher\" content=\"https:\/\/www.facebook.com\/soemproducts\/\" \/>\n<meta property=\"og:image\" content=\"https:\/\/soem.nl\/wp-content\/uploads\/2024\/12\/SOEM-Pizza-snijder-550x612-1.jpg\" \/>\n\t<meta property=\"og:image:width\" content=\"550\" \/>\n\t<meta property=\"og:image:height\" content=\"612\" \/>\n\t<meta property=\"og:image:type\" content=\"image\/jpeg\" \/>\n<meta name=\"twitter:card\" content=\"summary_large_image\" \/>\n<meta name=\"twitter:label1\" content=\"Prix\" \/>\n\t<meta name=\"twitter:data1\" content=\"&euro;&nbsp;11,95\" \/>\n\t<meta name=\"twitter:label2\" content=\"Disponibilit\u00e9\" \/>\n\t<meta name=\"twitter:data2\" content=\"Rupture de stock\" \/>\n<script type=\"application\/ld+json\" class=\"yoast-schema-graph\">{\"@context\":\"https:\/\/schema.org\",\"@graph\":[{\"@type\":\"WebPage\",\"@id\":\"https:\/\/soem.nl\/fr\/product\/coupe-pizza-tranchant-robuste-et-maniable-en-acier-inoxydable-pizzzames-rouleau-a-pizza-coupe-pate-soem\/\",\"url\":\"https:\/\/soem.nl\/fr\/product\/coupe-pizza-tranchant-robuste-et-maniable-en-acier-inoxydable-pizzzames-rouleau-a-pizza-coupe-pate-soem\/\",\"name\":\"Coupe-pizza Tranchant Robuste et maniable en acier inoxydable - Pizzzames - Rouleau \u00e0 pizza - Coupe-p\u00e2te SOEM\u00a9 - SOEM \u00a9 | Voor elk gewicht een passende weegschaal\",\"isPartOf\":{\"@id\":\"https:\/\/soem.nl\/fr\/#website\"},\"primaryImageOfPage\":{\"@id\":\"https:\/\/soem.nl\/fr\/product\/coupe-pizza-tranchant-robuste-et-maniable-en-acier-inoxydable-pizzzames-rouleau-a-pizza-coupe-pate-soem\/#primaryimage\"},\"image\":{\"@id\":\"https:\/\/soem.nl\/fr\/product\/coupe-pizza-tranchant-robuste-et-maniable-en-acier-inoxydable-pizzzames-rouleau-a-pizza-coupe-pate-soem\/#primaryimage\"},\"thumbnailUrl\":\"https:\/\/soem.nl\/wp-content\/uploads\/2024\/12\/SOEM-Pizza-snijder-550x612-1.jpg\",\"datePublished\":\"2024-12-05T16:27:04+00:00\",\"breadcrumb\":{\"@id\":\"https:\/\/soem.nl\/fr\/product\/coupe-pizza-tranchant-robuste-et-maniable-en-acier-inoxydable-pizzzames-rouleau-a-pizza-coupe-pate-soem\/#breadcrumb\"},\"inLanguage\":\"fr-FR\",\"potentialAction\":[{\"@type\":\"ReadAction\",\"target\":[\"https:\/\/soem.nl\/fr\/product\/coupe-pizza-tranchant-robuste-et-maniable-en-acier-inoxydable-pizzzames-rouleau-a-pizza-coupe-pate-soem\/\"]}]},{\"@type\":\"ImageObject\",\"inLanguage\":\"fr-FR\",\"@id\":\"https:\/\/soem.nl\/fr\/product\/coupe-pizza-tranchant-robuste-et-maniable-en-acier-inoxydable-pizzzames-rouleau-a-pizza-coupe-pate-soem\/#primaryimage\",\"url\":\"https:\/\/soem.nl\/wp-content\/uploads\/2024\/12\/SOEM-Pizza-snijder-550x612-1.jpg\",\"contentUrl\":\"https:\/\/soem.nl\/wp-content\/uploads\/2024\/12\/SOEM-Pizza-snijder-550x612-1.jpg\",\"width\":550,\"height\":612,\"caption\":\"SOEM Coupe-pizza 550x612\"},{\"@type\":\"BreadcrumbList\",\"@id\":\"https:\/\/soem.nl\/fr\/product\/coupe-pizza-tranchant-robuste-et-maniable-en-acier-inoxydable-pizzzames-rouleau-a-pizza-coupe-pate-soem\/#breadcrumb\",\"itemListElement\":[{\"@type\":\"ListItem\",\"position\":1,\"name\":\"Home\",\"item\":\"https:\/\/soem.nl\/fr\/accueil\/\"},{\"@type\":\"ListItem\",\"position\":2,\"name\":\"Boutique\",\"item\":\"https:\/\/soem.nl\/boutique\/\"},{\"@type\":\"ListItem\",\"position\":3,\"name\":\"Coupe-pizza Tranchant Robuste et maniable en acier inoxydable &#8211; Pizzzames &#8211; Rouleau \u00e0 pizza &#8211; Coupe-p\u00e2te SOEM\u00a9\"}]},{\"@type\":\"WebSite\",\"@id\":\"https:\/\/soem.nl\/fr\/#website\",\"url\":\"https:\/\/soem.nl\/fr\/\",\"name\":\"SOEM \u00a9 | Voor elk gewicht een passende weegschaal\",\"description\":\"Voor keuken, koffie en precisie\",\"publisher\":{\"@id\":\"https:\/\/soem.nl\/fr\/#organization\"},\"potentialAction\":[{\"@type\":\"SearchAction\",\"target\":{\"@type\":\"EntryPoint\",\"urlTemplate\":\"https:\/\/soem.nl\/fr\/?s={search_term_string}\"},\"query-input\":{\"@type\":\"PropertyValueSpecification\",\"valueRequired\":true,\"valueName\":\"search_term_string\"}}],\"inLanguage\":\"fr-FR\"},{\"@type\":\"Organization\",\"@id\":\"https:\/\/soem.nl\/fr\/#organization\",\"name\":\"SOEM \u00a9 | Voor elk gewicht een passende weegschaal\",\"url\":\"https:\/\/soem.nl\/fr\/\",\"logo\":{\"@type\":\"ImageObject\",\"inLanguage\":\"fr-FR\",\"@id\":\"https:\/\/soem.nl\/fr\/#\/schema\/logo\/image\/\",\"url\":\"https:\/\/soem.nl\/wp-content\/uploads\/2022\/08\/base_logo_transparent_background.png\",\"contentUrl\":\"https:\/\/soem.nl\/wp-content\/uploads\/2022\/08\/base_logo_transparent_background.png\",\"width\":3125,\"height\":1875,\"caption\":\"SOEM \u00a9 | Voor elk gewicht een passende weegschaal\"},\"image\":{\"@id\":\"https:\/\/soem.nl\/fr\/#\/schema\/logo\/image\/\"},\"sameAs\":[\"https:\/\/www.facebook.com\/soemproducts\/\",\"https:\/\/www.instagram.com\/soem.products\/\"]}]}<\/script>\n<meta property=\"product:price:amount\" content=\"11.95\" \/>\n<meta property=\"product:price:currency\" content=\"EUR\" \/>\n<meta property=\"og:availability\" content=\"out of stock\" \/>\n<meta property=\"product:availability\" content=\"out of stock\" \/>\n<meta property=\"product:retailer_item_id\" content=\"8720299277366\" \/>\n<meta property=\"product:condition\" content=\"new\" \/>\n<!-- \/ Yoast SEO Premium plugin. -->","yoast_head_json":{"title":"Coupe-pizza Tranchant Robuste et maniable en acier inoxydable - Pizzzames - Rouleau \u00e0 pizza - Coupe-p\u00e2te SOEM\u00a9 - SOEM \u00a9 | Voor elk gewicht een passende weegschaal","robots":{"index":"index","follow":"follow","max-snippet":"max-snippet:-1","max-image-preview":"max-image-preview:large","max-video-preview":"max-video-preview:-1"},"canonical":"https:\/\/soem.nl\/fr\/product\/coupe-pizza-tranchant-robuste-et-maniable-en-acier-inoxydable-pizzzames-rouleau-a-pizza-coupe-pate-soem\/","og_locale":"fr_FR","og_type":"article","og_title":"Coupe-pizza Tranchant Robuste et maniable en acier inoxydable - Pizzzames - Rouleau \u00e0 pizza - Coupe-p\u00e2te SOEM\u00a9","og_description":"Qui n&#8217;aime pas la pizza ? Vous pouvez r\u00e9veiller des enfants en particulier pour cela. Avec un couteau normal, il est toujours difficile de passer \u00e0 travers la cro\u00fbte et il faut beaucoup d&#8217;efforts pour couper un beau morceau. Avec le coupe-pizza, vous pouvez facilement et rapidement d\u00e9couper les plus beaux morceaux de pizza pour [...]","og_url":"https:\/\/soem.nl\/fr\/product\/coupe-pizza-tranchant-robuste-et-maniable-en-acier-inoxydable-pizzzames-rouleau-a-pizza-coupe-pate-soem\/","og_site_name":"SOEM \u00a9 | Voor elk gewicht een passende weegschaal","article_publisher":"https:\/\/www.facebook.com\/soemproducts\/","og_image":[{"width":550,"height":612,"url":"https:\/\/soem.nl\/wp-content\/uploads\/2024\/12\/SOEM-Pizza-snijder-550x612-1.jpg","type":"image\/jpeg"}],"twitter_card":"summary_large_image","twitter_misc":{"Prix":"&euro;&nbsp;11,95","Disponibilit\u00e9":"Rupture de stock"},"schema":{"@context":"https:\/\/schema.org","@graph":[{"@type":"WebPage","@id":"https:\/\/soem.nl\/fr\/product\/coupe-pizza-tranchant-robuste-et-maniable-en-acier-inoxydable-pizzzames-rouleau-a-pizza-coupe-pate-soem\/","url":"https:\/\/soem.nl\/fr\/product\/coupe-pizza-tranchant-robuste-et-maniable-en-acier-inoxydable-pizzzames-rouleau-a-pizza-coupe-pate-soem\/","name":"Coupe-pizza Tranchant Robuste et maniable en acier inoxydable - Pizzzames - Rouleau \u00e0 pizza - Coupe-p\u00e2te SOEM\u00a9 - SOEM \u00a9 | Voor elk gewicht een passende weegschaal","isPartOf":{"@id":"https:\/\/soem.nl\/fr\/#website"},"primaryImageOfPage":{"@id":"https:\/\/soem.nl\/fr\/product\/coupe-pizza-tranchant-robuste-et-maniable-en-acier-inoxydable-pizzzames-rouleau-a-pizza-coupe-pate-soem\/#primaryimage"},"image":{"@id":"https:\/\/soem.nl\/fr\/product\/coupe-pizza-tranchant-robuste-et-maniable-en-acier-inoxydable-pizzzames-rouleau-a-pizza-coupe-pate-soem\/#primaryimage"},"thumbnailUrl":"https:\/\/soem.nl\/wp-content\/uploads\/2024\/12\/SOEM-Pizza-snijder-550x612-1.jpg","datePublished":"2024-12-05T16:27:04+00:00","breadcrumb":{"@id":"https:\/\/soem.nl\/fr\/product\/coupe-pizza-tranchant-robuste-et-maniable-en-acier-inoxydable-pizzzames-rouleau-a-pizza-coupe-pate-soem\/#breadcrumb"},"inLanguage":"fr-FR","potentialAction":[{"@type":"ReadAction","target":["https:\/\/soem.nl\/fr\/product\/coupe-pizza-tranchant-robuste-et-maniable-en-acier-inoxydable-pizzzames-rouleau-a-pizza-coupe-pate-soem\/"]}]},{"@type":"ImageObject","inLanguage":"fr-FR","@id":"https:\/\/soem.nl\/fr\/product\/coupe-pizza-tranchant-robuste-et-maniable-en-acier-inoxydable-pizzzames-rouleau-a-pizza-coupe-pate-soem\/#primaryimage","url":"https:\/\/soem.nl\/wp-content\/uploads\/2024\/12\/SOEM-Pizza-snijder-550x612-1.jpg","contentUrl":"https:\/\/soem.nl\/wp-content\/uploads\/2024\/12\/SOEM-Pizza-snijder-550x612-1.jpg","width":550,"height":612,"caption":"SOEM Coupe-pizza 550x612"},{"@type":"BreadcrumbList","@id":"https:\/\/soem.nl\/fr\/product\/coupe-pizza-tranchant-robuste-et-maniable-en-acier-inoxydable-pizzzames-rouleau-a-pizza-coupe-pate-soem\/#breadcrumb","itemListElement":[{"@type":"ListItem","position":1,"name":"Home","item":"https:\/\/soem.nl\/fr\/accueil\/"},{"@type":"ListItem","position":2,"name":"Boutique","item":"https:\/\/soem.nl\/boutique\/"},{"@type":"ListItem","position":3,"name":"Coupe-pizza Tranchant Robuste et maniable en acier inoxydable &#8211; Pizzzames &#8211; Rouleau \u00e0 pizza &#8211; Coupe-p\u00e2te SOEM\u00a9"}]},{"@type":"WebSite","@id":"https:\/\/soem.nl\/fr\/#website","url":"https:\/\/soem.nl\/fr\/","name":"SOEM \u00a9 | Voor elk gewicht een passende weegschaal","description":"Voor keuken, koffie en precisie","publisher":{"@id":"https:\/\/soem.nl\/fr\/#organization"},"potentialAction":[{"@type":"SearchAction","target":{"@type":"EntryPoint","urlTemplate":"https:\/\/soem.nl\/fr\/?s={search_term_string}"},"query-input":{"@type":"PropertyValueSpecification","valueRequired":true,"valueName":"search_term_string"}}],"inLanguage":"fr-FR"},{"@type":"Organization","@id":"https:\/\/soem.nl\/fr\/#organization","name":"SOEM \u00a9 | Voor elk gewicht een passende weegschaal","url":"https:\/\/soem.nl\/fr\/","logo":{"@type":"ImageObject","inLanguage":"fr-FR","@id":"https:\/\/soem.nl\/fr\/#\/schema\/logo\/image\/","url":"https:\/\/soem.nl\/wp-content\/uploads\/2022\/08\/base_logo_transparent_background.png","contentUrl":"https:\/\/soem.nl\/wp-content\/uploads\/2022\/08\/base_logo_transparent_background.png","width":3125,"height":1875,"caption":"SOEM \u00a9 | Voor elk gewicht een passende weegschaal"},"image":{"@id":"https:\/\/soem.nl\/fr\/#\/schema\/logo\/image\/"},"sameAs":["https:\/\/www.facebook.com\/soemproducts\/","https:\/\/www.instagram.com\/soem.products\/"]}]},"product_price_amount":"11.95","product_price_currency":"EUR","og_availability":"out of stock","product_availability":"out of stock","product_retailer_item_id":"8720299277366","product_condition":"new"},"_links":{"self":[{"href":"https:\/\/soem.nl\/fr\/wp-json\/wp\/v2\/product\/1456","targetHints":{"allow":["GET"]}}],"collection":[{"href":"https:\/\/soem.nl\/fr\/wp-json\/wp\/v2\/product"}],"about":[{"href":"https:\/\/soem.nl\/fr\/wp-json\/wp\/v2\/types\/product"}],"replies":[{"embeddable":true,"href":"https:\/\/soem.nl\/fr\/wp-json\/wp\/v2\/comments?post=1456"}],"wp:featuredmedia":[{"embeddable":true,"href":"https:\/\/soem.nl\/fr\/wp-json\/wp\/v2\/media\/1229"}],"wp:attachment":[{"href":"https:\/\/soem.nl\/fr\/wp-json\/wp\/v2\/media?parent=1456"}],"wp:term":[{"taxonomy":"product_brand","embeddable":true,"href":"https:\/\/soem.nl\/fr\/wp-json\/wp\/v2\/product_brand?post=1456"},{"taxonomy":"product_cat","embeddable":true,"href":"https:\/\/soem.nl\/fr\/wp-json\/wp\/v2\/product_cat?post=1456"},{"taxonomy":"product_tag","embeddable":true,"href":"https:\/\/soem.nl\/fr\/wp-json\/wp\/v2\/product_tag?post=1456"}],"curies":[{"name":"wp","href":"https:\/\/api.w.org\/{rel}","templated":true}]}}