{"id":1472,"date":"2022-12-27T16:45:28","date_gmt":"2022-12-27T16:45:28","guid":{"rendered":"https:\/\/soem.nl\/product\/balance-de-cuisine-numerique-compacte-avec-bol-precision-jusqua-01-gramme-avec-fonction-de-tare\/"},"modified":"2025-07-15T07:40:25","modified_gmt":"2025-07-15T07:40:25","slug":"balance-de-cuisine-numerique-compacte-avec-bol-precision-jusqua-01-gramme-avec-fonction-de-tare","status":"publish","type":"product","link":"https:\/\/soem.nl\/fr\/product\/balance-de-cuisine-numerique-compacte-avec-bol-precision-jusqua-01-gramme-avec-fonction-de-tare\/","title":{"rendered":"Balance de cuisine num\u00e9rique compacte avec bol &#8211; Pr\u00e9cision jusqu&#8217;\u00e0 0,1 gramme avec fonction de tare"},"content":{"rendered":"<h1>Balance de cuisine num\u00e9rique compacte avec bol &#8211; Pr\u00e9cision jusqu&#8217;\u00e0 0,1 gramme avec fonction de tare <\/h1>\n<p><strong>Qu&#8217;il s&#8217;agisse de p\u00e2tisseries, d&#8217;\u00e9pices ou de recettes, rien n&#8217;est trop fou pour la balance de cuisine SOEM\u00ae. Avec plusieurs unit\u00e9s, une fonction d&#8217;\u00e9conomie automatique des piles et une fonction de tare, cette balance de cuisine num\u00e9rique est le parfait auxiliaire de cuisine. <\/strong><\/p>\n<h3>Pr\u00e9cision au gramme pr\u00e8s<\/h3>\n<p>Cette balance intelligente en acier inoxydable p\u00e8se jusqu&#8217;\u00e0 2 kg avec une pr\u00e9cision de <strong>0,1 gramme<\/strong>. Id\u00e9ale pour les articles l\u00e9gers tels que la poudre, les grains de caf\u00e9, les bijoux et les petits accessoires. <\/p>\n<h3>Pourquoi notre balance de cuisine est le choix le plus judicieux :<\/h3>\n<p>\u2713 Plateaux de pes\u00e9e inclus <strong> Notre balance de pr\u00e9cision est livr\u00e9e avec<strong>2 plateaux de pes\u00e9e<\/strong> pour prot\u00e9ger les articles individuels. Vous pouvez ainsi conserver vos produits ensemble et commencer tout de suite.<\/strong> <\/p>\n<p>\u2713 Unit\u00e9s multiples <strong> Avec les unit\u00e9s multiples, vous adaptez l&#8217;\u00e9chelle \u00e0 chaque ingr\u00e9dient. Et le meilleur ? Elle peut \u00e9galement<strong>compter les<\/strong> articles ! La balance est donc multifonctionnelle et encore plus pr\u00e9cise ; parfaite pour la cuisine.<\/strong>  <\/p>\n<p>\u2713 Affichage clair <strong> Notre balance \u00e0 milligrammes est dot\u00e9e d&#8217;un<strong>\u00e9cran LCD<\/strong> clair pour que vous puissiez voir clairement la quantit\u00e9 que vous pesez. Une ordonnance ou des m\u00e9dicaments pr\u00e9cis ? Cette balance intelligente vous offre une <strong>pr\u00e9cision optimale<\/strong>.<\/strong>  <\/p>\n<p><strong><br \/>\n\u2713 Design compact<\/strong>Avec son design \u00e9l\u00e9gant et compact, notre balance de cuisine se range parfaitement dans n&#8217;importe quel tiroir. Vous avez ainsi la balance <strong> <strong>rapidement \u00e0 port\u00e9e de main<\/strong> et la rangez facilement dans le placard apr\u00e8s utilisation.<\/strong> <\/p>\n<p><strong>Sp\u00e9cifications<\/strong><\/p>\n<ul>\n<li>Pr\u00e9cision : 0,1 g<\/li>\n<li>Gamme : 0 &#8211; 2 kg<\/li>\n<li>Unit\u00e9s : g, tl, OZ, ct, gn<\/li>\n<li>Pile : 2x AAA (inclus)<\/li>\n<li>Mat\u00e9riau : acier<\/li>\n<li>Dimensions : 12,5 x 10,51 x 1,8 cm<\/li>\n<\/ul>\n<p><strong>Contenu de l&#8217;emballage<\/strong><\/p>\n<ul>\n<li>2 piles AAA<\/li>\n<li>1x balance en acier<\/li>\n<li>2x plateau de pes\u00e9e<\/li>\n<li>1x manuel<\/li>\n<\/ul>\n<h3>Garantie de satisfaction \u00e0 100<\/h3>\n<p>Nous nous portons garants de la qualit\u00e9 de nos produits et vous offrons une garantie inconditionnelle de <strong>12 mois.<\/strong><\/p>\n<p><strong>Commandez d\u00e8s aujourd&#8217;hui votre balance de cuisine de pr\u00e9cision et pesez avec exactitude jusqu&#8217;au dernier gramme !<\/strong><\/p>\n","protected":false},"excerpt":{"rendered":"<p><strong>\u2713 Conception compacte<\/strong><\/p>\n<p><strong>Affichage clair<\/strong><\/p>\n<p><strong>Unit\u00e9s multiples<\/strong><\/p>\n<p><strong>\u2713 Plateaux de pes\u00e9e inclus<\/strong><\/p>\n","protected":false},"featured_media":896,"comment_status":"open","ping_status":"closed","template":"","meta":[],"product_brand":[],"product_cat":[89,77],"product_tag":[],"class_list":{"0":"post-1472","1":"product","2":"type-product","3":"status-publish","4":"has-post-thumbnail","6":"product_cat-balances-de-cuisine","7":"product_cat-pese-cafe","8":"product_shipping_class-boite-aux-lettres","10":"first","11":"instock","12":"taxable","13":"shipping-taxable","14":"purchasable","15":"product-type-variable"},"yoast_head":"<!-- This site is optimized with the Yoast SEO Premium plugin v21.5 (Yoast SEO v27.2) - https:\/\/yoast.com\/product\/yoast-seo-premium-wordpress\/ -->\n<title>Balance de cuisine num\u00e9rique compacte 0,1 gramme avec fonction de tare<\/title>\n<meta name=\"description\" content=\"Vous n&#039;avez pas beaucoup d&#039;espace mais vous recherchez une balance de cuisine de qualit\u00e9 ? Cette balance ne mesure que 10 x 12 cm. Id\u00e9ale pour les petites cuisines\" \/>\n<meta name=\"robots\" content=\"index, follow, max-snippet:-1, max-image-preview:large, max-video-preview:-1\" \/>\n<link rel=\"canonical\" href=\"https:\/\/soem.nl\/fr\/product\/balance-de-cuisine-numerique-compacte-avec-bol-precision-jusqua-01-gramme-avec-fonction-de-tare\/\" \/>\n<meta property=\"og:locale\" content=\"fr_FR\" \/>\n<meta property=\"og:type\" content=\"article\" \/>\n<meta property=\"og:title\" content=\"Balance de cuisine num\u00e9rique compacte avec bol - Pr\u00e9cision jusqu&#039;\u00e0 0,1 gramme avec fonction de tare\" \/>\n<meta property=\"og:description\" content=\"Vous n&#039;avez pas beaucoup d&#039;espace mais vous recherchez une balance de cuisine de qualit\u00e9 ? Cette balance ne mesure que 10 x 12 cm. Id\u00e9ale pour les petites cuisines\" \/>\n<meta property=\"og:url\" content=\"https:\/\/soem.nl\/fr\/product\/balance-de-cuisine-numerique-compacte-avec-bol-precision-jusqua-01-gramme-avec-fonction-de-tare\/\" \/>\n<meta property=\"og:site_name\" content=\"SOEM \u00a9 | Voor elk gewicht een passende weegschaal\" \/>\n<meta property=\"article:publisher\" content=\"https:\/\/www.facebook.com\/soemproducts\/\" \/>\n<meta property=\"article:modified_time\" content=\"2025-07-15T07:40:25+00:00\" \/>\n<meta property=\"og:image\" content=\"https:\/\/soem.nl\/wp-content\/uploads\/2022\/12\/Weegschaal-1-0-1024x1024.png\" \/>\n\t<meta property=\"og:image:width\" content=\"1024\" \/>\n\t<meta property=\"og:image:height\" content=\"1024\" \/>\n\t<meta property=\"og:image:type\" content=\"image\/png\" \/>\n<meta name=\"twitter:card\" content=\"summary_large_image\" \/>\n<meta name=\"twitter:label1\" content=\"Disponibilit\u00e9\" \/>\n\t<meta name=\"twitter:data1\" content=\"En stock\" \/>\n<script type=\"application\/ld+json\" class=\"yoast-schema-graph\">{\"@context\":\"https:\/\/schema.org\",\"@graph\":[{\"@type\":\"WebPage\",\"@id\":\"https:\/\/soem.nl\/fr\/product\/balance-de-cuisine-numerique-compacte-avec-bol-precision-jusqua-01-gramme-avec-fonction-de-tare\/\",\"url\":\"https:\/\/soem.nl\/fr\/product\/balance-de-cuisine-numerique-compacte-avec-bol-precision-jusqua-01-gramme-avec-fonction-de-tare\/\",\"name\":\"Balance de cuisine num\u00e9rique compacte 0,1 gramme avec fonction de tare\",\"isPartOf\":{\"@id\":\"https:\/\/soem.nl\/fr\/#website\"},\"primaryImageOfPage\":{\"@id\":\"https:\/\/soem.nl\/fr\/product\/balance-de-cuisine-numerique-compacte-avec-bol-precision-jusqua-01-gramme-avec-fonction-de-tare\/#primaryimage\"},\"image\":{\"@id\":\"https:\/\/soem.nl\/fr\/product\/balance-de-cuisine-numerique-compacte-avec-bol-precision-jusqua-01-gramme-avec-fonction-de-tare\/#primaryimage\"},\"thumbnailUrl\":\"https:\/\/soem.nl\/wp-content\/uploads\/2022\/12\/Weegschaal-1-0.png\",\"datePublished\":\"2022-12-27T16:45:28+00:00\",\"dateModified\":\"2025-07-15T07:40:25+00:00\",\"description\":\"Vous n'avez pas beaucoup d'espace mais vous recherchez une balance de cuisine de qualit\u00e9 ? Cette balance ne mesure que 10 x 12 cm. Id\u00e9ale pour les petites cuisines\",\"breadcrumb\":{\"@id\":\"https:\/\/soem.nl\/fr\/product\/balance-de-cuisine-numerique-compacte-avec-bol-precision-jusqua-01-gramme-avec-fonction-de-tare\/#breadcrumb\"},\"inLanguage\":\"fr-FR\",\"potentialAction\":[{\"@type\":\"ReadAction\",\"target\":[\"https:\/\/soem.nl\/fr\/product\/balance-de-cuisine-numerique-compacte-avec-bol-precision-jusqua-01-gramme-avec-fonction-de-tare\/\"]}]},{\"@type\":\"ImageObject\",\"inLanguage\":\"fr-FR\",\"@id\":\"https:\/\/soem.nl\/fr\/product\/balance-de-cuisine-numerique-compacte-avec-bol-precision-jusqua-01-gramme-avec-fonction-de-tare\/#primaryimage\",\"url\":\"https:\/\/soem.nl\/wp-content\/uploads\/2022\/12\/Weegschaal-1-0.png\",\"contentUrl\":\"https:\/\/soem.nl\/wp-content\/uploads\/2022\/12\/Weegschaal-1-0.png\",\"width\":4640,\"height\":4640,\"caption\":\"Balance de cuisine num\u00e9rique compacte SOEM\"},{\"@type\":\"BreadcrumbList\",\"@id\":\"https:\/\/soem.nl\/fr\/product\/balance-de-cuisine-numerique-compacte-avec-bol-precision-jusqua-01-gramme-avec-fonction-de-tare\/#breadcrumb\",\"itemListElement\":[{\"@type\":\"ListItem\",\"position\":1,\"name\":\"Home\",\"item\":\"https:\/\/soem.nl\/fr\/accueil\/\"},{\"@type\":\"ListItem\",\"position\":2,\"name\":\"Boutique\",\"item\":\"https:\/\/soem.nl\/boutique\/\"},{\"@type\":\"ListItem\",\"position\":3,\"name\":\"Balance de cuisine num\u00e9rique compacte avec bol &#8211; Pr\u00e9cision jusqu&#8217;\u00e0 0,1 gramme avec fonction de tare\"}]},{\"@type\":\"WebSite\",\"@id\":\"https:\/\/soem.nl\/fr\/#website\",\"url\":\"https:\/\/soem.nl\/fr\/\",\"name\":\"SOEM \u00a9 | Voor elk gewicht een passende weegschaal\",\"description\":\"Voor keuken, koffie en precisie\",\"publisher\":{\"@id\":\"https:\/\/soem.nl\/fr\/#organization\"},\"potentialAction\":[{\"@type\":\"SearchAction\",\"target\":{\"@type\":\"EntryPoint\",\"urlTemplate\":\"https:\/\/soem.nl\/fr\/?s={search_term_string}\"},\"query-input\":{\"@type\":\"PropertyValueSpecification\",\"valueRequired\":true,\"valueName\":\"search_term_string\"}}],\"inLanguage\":\"fr-FR\"},{\"@type\":\"Organization\",\"@id\":\"https:\/\/soem.nl\/fr\/#organization\",\"name\":\"SOEM \u00a9 | Voor elk gewicht een passende weegschaal\",\"url\":\"https:\/\/soem.nl\/fr\/\",\"logo\":{\"@type\":\"ImageObject\",\"inLanguage\":\"fr-FR\",\"@id\":\"https:\/\/soem.nl\/fr\/#\/schema\/logo\/image\/\",\"url\":\"https:\/\/soem.nl\/wp-content\/uploads\/2022\/08\/base_logo_transparent_background.png\",\"contentUrl\":\"https:\/\/soem.nl\/wp-content\/uploads\/2022\/08\/base_logo_transparent_background.png\",\"width\":3125,\"height\":1875,\"caption\":\"SOEM \u00a9 | Voor elk gewicht een passende weegschaal\"},\"image\":{\"@id\":\"https:\/\/soem.nl\/fr\/#\/schema\/logo\/image\/\"},\"sameAs\":[\"https:\/\/www.facebook.com\/soemproducts\/\",\"https:\/\/www.instagram.com\/soem.products\/\"]}]}<\/script>\n<meta property=\"og:availability\" content=\"instock\" \/>\n<meta property=\"product:availability\" content=\"instock\" \/>\n<meta property=\"product:retailer_item_id\" content=\"8719327424704\" \/>\n<meta property=\"product:condition\" content=\"new\" \/>\n<!-- \/ Yoast SEO Premium plugin. -->","yoast_head_json":{"title":"Balance de cuisine num\u00e9rique compacte 0,1 gramme avec fonction de tare","description":"Vous n'avez pas beaucoup d'espace mais vous recherchez une balance de cuisine de qualit\u00e9 ? Cette balance ne mesure que 10 x 12 cm. Id\u00e9ale pour les petites cuisines","robots":{"index":"index","follow":"follow","max-snippet":"max-snippet:-1","max-image-preview":"max-image-preview:large","max-video-preview":"max-video-preview:-1"},"canonical":"https:\/\/soem.nl\/fr\/product\/balance-de-cuisine-numerique-compacte-avec-bol-precision-jusqua-01-gramme-avec-fonction-de-tare\/","og_locale":"fr_FR","og_type":"article","og_title":"Balance de cuisine num\u00e9rique compacte avec bol - Pr\u00e9cision jusqu'\u00e0 0,1 gramme avec fonction de tare","og_description":"Vous n'avez pas beaucoup d'espace mais vous recherchez une balance de cuisine de qualit\u00e9 ? Cette balance ne mesure que 10 x 12 cm. Id\u00e9ale pour les petites cuisines","og_url":"https:\/\/soem.nl\/fr\/product\/balance-de-cuisine-numerique-compacte-avec-bol-precision-jusqua-01-gramme-avec-fonction-de-tare\/","og_site_name":"SOEM \u00a9 | Voor elk gewicht een passende weegschaal","article_publisher":"https:\/\/www.facebook.com\/soemproducts\/","article_modified_time":"2025-07-15T07:40:25+00:00","og_image":[{"width":1024,"height":1024,"url":"https:\/\/soem.nl\/wp-content\/uploads\/2022\/12\/Weegschaal-1-0-1024x1024.png","type":"image\/png"}],"twitter_card":"summary_large_image","twitter_misc":{"Disponibilit\u00e9":"En stock"},"schema":{"@context":"https:\/\/schema.org","@graph":[{"@type":"WebPage","@id":"https:\/\/soem.nl\/fr\/product\/balance-de-cuisine-numerique-compacte-avec-bol-precision-jusqua-01-gramme-avec-fonction-de-tare\/","url":"https:\/\/soem.nl\/fr\/product\/balance-de-cuisine-numerique-compacte-avec-bol-precision-jusqua-01-gramme-avec-fonction-de-tare\/","name":"Balance de cuisine num\u00e9rique compacte 0,1 gramme avec fonction de tare","isPartOf":{"@id":"https:\/\/soem.nl\/fr\/#website"},"primaryImageOfPage":{"@id":"https:\/\/soem.nl\/fr\/product\/balance-de-cuisine-numerique-compacte-avec-bol-precision-jusqua-01-gramme-avec-fonction-de-tare\/#primaryimage"},"image":{"@id":"https:\/\/soem.nl\/fr\/product\/balance-de-cuisine-numerique-compacte-avec-bol-precision-jusqua-01-gramme-avec-fonction-de-tare\/#primaryimage"},"thumbnailUrl":"https:\/\/soem.nl\/wp-content\/uploads\/2022\/12\/Weegschaal-1-0.png","datePublished":"2022-12-27T16:45:28+00:00","dateModified":"2025-07-15T07:40:25+00:00","description":"Vous n'avez pas beaucoup d'espace mais vous recherchez une balance de cuisine de qualit\u00e9 ? Cette balance ne mesure que 10 x 12 cm. Id\u00e9ale pour les petites cuisines","breadcrumb":{"@id":"https:\/\/soem.nl\/fr\/product\/balance-de-cuisine-numerique-compacte-avec-bol-precision-jusqua-01-gramme-avec-fonction-de-tare\/#breadcrumb"},"inLanguage":"fr-FR","potentialAction":[{"@type":"ReadAction","target":["https:\/\/soem.nl\/fr\/product\/balance-de-cuisine-numerique-compacte-avec-bol-precision-jusqua-01-gramme-avec-fonction-de-tare\/"]}]},{"@type":"ImageObject","inLanguage":"fr-FR","@id":"https:\/\/soem.nl\/fr\/product\/balance-de-cuisine-numerique-compacte-avec-bol-precision-jusqua-01-gramme-avec-fonction-de-tare\/#primaryimage","url":"https:\/\/soem.nl\/wp-content\/uploads\/2022\/12\/Weegschaal-1-0.png","contentUrl":"https:\/\/soem.nl\/wp-content\/uploads\/2022\/12\/Weegschaal-1-0.png","width":4640,"height":4640,"caption":"Balance de cuisine num\u00e9rique compacte SOEM"},{"@type":"BreadcrumbList","@id":"https:\/\/soem.nl\/fr\/product\/balance-de-cuisine-numerique-compacte-avec-bol-precision-jusqua-01-gramme-avec-fonction-de-tare\/#breadcrumb","itemListElement":[{"@type":"ListItem","position":1,"name":"Home","item":"https:\/\/soem.nl\/fr\/accueil\/"},{"@type":"ListItem","position":2,"name":"Boutique","item":"https:\/\/soem.nl\/boutique\/"},{"@type":"ListItem","position":3,"name":"Balance de cuisine num\u00e9rique compacte avec bol &#8211; Pr\u00e9cision jusqu&#8217;\u00e0 0,1 gramme avec fonction de tare"}]},{"@type":"WebSite","@id":"https:\/\/soem.nl\/fr\/#website","url":"https:\/\/soem.nl\/fr\/","name":"SOEM \u00a9 | Voor elk gewicht een passende weegschaal","description":"Voor keuken, koffie en precisie","publisher":{"@id":"https:\/\/soem.nl\/fr\/#organization"},"potentialAction":[{"@type":"SearchAction","target":{"@type":"EntryPoint","urlTemplate":"https:\/\/soem.nl\/fr\/?s={search_term_string}"},"query-input":{"@type":"PropertyValueSpecification","valueRequired":true,"valueName":"search_term_string"}}],"inLanguage":"fr-FR"},{"@type":"Organization","@id":"https:\/\/soem.nl\/fr\/#organization","name":"SOEM \u00a9 | Voor elk gewicht een passende weegschaal","url":"https:\/\/soem.nl\/fr\/","logo":{"@type":"ImageObject","inLanguage":"fr-FR","@id":"https:\/\/soem.nl\/fr\/#\/schema\/logo\/image\/","url":"https:\/\/soem.nl\/wp-content\/uploads\/2022\/08\/base_logo_transparent_background.png","contentUrl":"https:\/\/soem.nl\/wp-content\/uploads\/2022\/08\/base_logo_transparent_background.png","width":3125,"height":1875,"caption":"SOEM \u00a9 | Voor elk gewicht een passende weegschaal"},"image":{"@id":"https:\/\/soem.nl\/fr\/#\/schema\/logo\/image\/"},"sameAs":["https:\/\/www.facebook.com\/soemproducts\/","https:\/\/www.instagram.com\/soem.products\/"]}]},"og_availability":"instock","product_availability":"instock","product_retailer_item_id":"8719327424704","product_condition":"new"},"_links":{"self":[{"href":"https:\/\/soem.nl\/fr\/wp-json\/wp\/v2\/product\/1472","targetHints":{"allow":["GET"]}}],"collection":[{"href":"https:\/\/soem.nl\/fr\/wp-json\/wp\/v2\/product"}],"about":[{"href":"https:\/\/soem.nl\/fr\/wp-json\/wp\/v2\/types\/product"}],"replies":[{"embeddable":true,"href":"https:\/\/soem.nl\/fr\/wp-json\/wp\/v2\/comments?post=1472"}],"wp:featuredmedia":[{"embeddable":true,"href":"https:\/\/soem.nl\/fr\/wp-json\/wp\/v2\/media\/896"}],"wp:attachment":[{"href":"https:\/\/soem.nl\/fr\/wp-json\/wp\/v2\/media?parent=1472"}],"wp:term":[{"taxonomy":"product_brand","embeddable":true,"href":"https:\/\/soem.nl\/fr\/wp-json\/wp\/v2\/product_brand?post=1472"},{"taxonomy":"product_cat","embeddable":true,"href":"https:\/\/soem.nl\/fr\/wp-json\/wp\/v2\/product_cat?post=1472"},{"taxonomy":"product_tag","embeddable":true,"href":"https:\/\/soem.nl\/fr\/wp-json\/wp\/v2\/product_tag?post=1472"}],"curies":[{"name":"wp","href":"https:\/\/api.w.org\/{rel}","templated":true}]}}