{"id":1549,"date":"2024-12-24T10:15:37","date_gmt":"2024-12-24T10:15:37","guid":{"rendered":"https:\/\/soem.nl\/product\/jeu-de-cuilleres-a-mesurer-en-acier-inoxydable-8-pieces-magnetique\/"},"modified":"2024-12-24T10:16:38","modified_gmt":"2024-12-24T10:16:38","slug":"jeu-de-cuilleres-a-mesurer-en-acier-inoxydable-8-pieces-magnetique","status":"publish","type":"product","link":"https:\/\/soem.nl\/fr\/product\/jeu-de-cuilleres-a-mesurer-en-acier-inoxydable-8-pieces-magnetique\/","title":{"rendered":"Jeu de cuill\u00e8res \u00e0 mesurer en acier inoxydable 8 pi\u00e8ces Magn\u00e9tique"},"content":{"rendered":"<p>Avec l&#8217;ensemble de cuill\u00e8res \u00e0 mesurer SOEM, le dosage des ingr\u00e9dients est facile et color\u00e9 ! Fabriqu\u00e9 en acier inoxydable et dot\u00e9 d&#8217;une fonction magn\u00e9tique, cet ensemble de haute qualit\u00e9 est id\u00e9al pour tous les passionn\u00e9s de cuisine. L&#8217;ensemble comprend huit mesures pr\u00e9cises, chacune ayant une couleur gaie unique qui vous permet de les reconna\u00eetre facilement lorsque vous cuisinez ou faites de la p\u00e2tisserie.  <\/p>\n<p><strong>Caract\u00e9ristiques :<\/strong><\/p>\n<ul>\n<li><strong>Marque :<\/strong> SOEM<\/li>\n<li><strong>Nombre de pi\u00e8ces :<\/strong> 8 pi\u00e8ces\n<ul>\n<li><strong>1 cuill\u00e8re \u00e0 soupe :<\/strong> 15 ml<\/li>\n<li><strong>1\/2 cuill\u00e8re \u00e0 soupe :<\/strong> 7,5 ml<\/li>\n<li><strong>1 cuill\u00e8re \u00e0 caf\u00e9 :<\/strong> 5 ml<\/li>\n<li><strong>3\/4 de cuill\u00e8re \u00e0 caf\u00e9 :<\/strong> 3,75 ml<\/li>\n<li><strong>1\/2 cuill\u00e8re \u00e0 caf\u00e9 :<\/strong> 2,5 ml<\/li>\n<li><strong>1\/4 de cuill\u00e8re \u00e0 caf\u00e9 :<\/strong> 1,25 ml<\/li>\n<li><strong>1\/8 de cuill\u00e8re \u00e0 caf\u00e9 :<\/strong> 0,62 ml<\/li>\n<li><strong>1 niveleur :<\/strong> pour une mise \u00e0 niveau pr\u00e9cise des ingr\u00e9dients<\/li>\n<\/ul>\n<\/li>\n<li><strong>Mat\u00e9riau :<\/strong> Acier inoxydable avec propri\u00e9t\u00e9s magn\u00e9tiques pour un stockage facile<\/li>\n<li><strong>Design :<\/strong> Finition color\u00e9e pour une reconnaissance rapide<\/li>\n<li><strong>Pratique :<\/strong> conception compacte et empilable<\/li>\n<\/ul>\n<p>Ces cuill\u00e8res \u00e0 mesurer sont indispensables \u00e0 tout ustensile de cuisine, id\u00e9ales pour les d\u00e9butants comme pour les cuisiniers exp\u00e9riment\u00e9s. Mesurez avec pr\u00e9cision, appr\u00e9ciez la commodit\u00e9 et apportez du plaisir dans votre cuisine ! Parfaites pour offrir en cadeau ou pour vous faire plaisir.  <\/p>\n","protected":false},"excerpt":{"rendered":"<p>Avec l&#8217;ensemble de cuill\u00e8res \u00e0 mesurer SOEM, le dosage des ingr\u00e9dients est facile et color\u00e9 ! Fabriqu\u00e9 en acier inoxydable et dot\u00e9 d&#8217;une fonction magn\u00e9tique, cet ensemble de haute qualit\u00e9 est id\u00e9al pour tous les passionn\u00e9s de cuisine. L&#8217;ensemble comprend huit mesures pr\u00e9cises, chacune ayant une couleur gaie unique qui vous permet de les reconna\u00eetre [&#8230;]\n","protected":false},"featured_media":1546,"comment_status":"closed","ping_status":"closed","template":"","meta":[],"product_brand":[],"product_cat":[118],"product_tag":[],"class_list":{"0":"post-1549","1":"product","2":"type-product","3":"status-publish","4":"has-post-thumbnail","6":"product_cat-cuilleres-a-mesurer","8":"first","9":"instock","10":"taxable","11":"shipping-taxable","12":"purchasable","13":"product-type-simple"},"yoast_head":"<!-- This site is optimized with the Yoast SEO Premium plugin v21.5 (Yoast SEO v27.2) - https:\/\/yoast.com\/product\/yoast-seo-premium-wordpress\/ -->\n<title>Jeu de cuill\u00e8res \u00e0 mesurer en acier inoxydable 8 pi\u00e8ces Magn\u00e9tique - SOEM \u00a9 | Voor elk gewicht een passende weegschaal<\/title>\n<meta name=\"robots\" content=\"index, follow, max-snippet:-1, max-image-preview:large, max-video-preview:-1\" \/>\n<link rel=\"canonical\" href=\"https:\/\/soem.nl\/fr\/product\/jeu-de-cuilleres-a-mesurer-en-acier-inoxydable-8-pieces-magnetique\/\" \/>\n<meta property=\"og:locale\" content=\"fr_FR\" \/>\n<meta property=\"og:type\" content=\"article\" \/>\n<meta property=\"og:title\" content=\"Jeu de cuill\u00e8res \u00e0 mesurer en acier inoxydable 8 pi\u00e8ces Magn\u00e9tique\" \/>\n<meta property=\"og:description\" content=\"Avec l&#8217;ensemble de cuill\u00e8res \u00e0 mesurer SOEM, le dosage des ingr\u00e9dients est facile et color\u00e9 ! Fabriqu\u00e9 en acier inoxydable et dot\u00e9 d&#8217;une fonction magn\u00e9tique, cet ensemble de haute qualit\u00e9 est id\u00e9al pour tous les passionn\u00e9s de cuisine. L&#8217;ensemble comprend huit mesures pr\u00e9cises, chacune ayant une couleur gaie unique qui vous permet de les reconna\u00eetre [...]\" \/>\n<meta property=\"og:url\" content=\"https:\/\/soem.nl\/fr\/product\/jeu-de-cuilleres-a-mesurer-en-acier-inoxydable-8-pieces-magnetique\/\" \/>\n<meta property=\"og:site_name\" content=\"SOEM \u00a9 | Voor elk gewicht een passende weegschaal\" \/>\n<meta property=\"article:publisher\" content=\"https:\/\/www.facebook.com\/soemproducts\/\" \/>\n<meta property=\"article:modified_time\" content=\"2024-12-24T10:16:38+00:00\" \/>\n<meta name=\"twitter:card\" content=\"summary_large_image\" \/>\n<meta name=\"twitter:label1\" content=\"Prix\" \/>\n\t<meta name=\"twitter:data1\" content=\"&euro;&nbsp;24,95\" \/>\n\t<meta name=\"twitter:label2\" content=\"Disponibilit\u00e9\" \/>\n\t<meta name=\"twitter:data2\" content=\"En stock\" \/>\n<script type=\"application\/ld+json\" class=\"yoast-schema-graph\">{\"@context\":\"https:\/\/schema.org\",\"@graph\":[{\"@type\":\"WebPage\",\"@id\":\"https:\/\/soem.nl\/fr\/product\/jeu-de-cuilleres-a-mesurer-en-acier-inoxydable-8-pieces-magnetique\/\",\"url\":\"https:\/\/soem.nl\/fr\/product\/jeu-de-cuilleres-a-mesurer-en-acier-inoxydable-8-pieces-magnetique\/\",\"name\":\"Jeu de cuill\u00e8res \u00e0 mesurer en acier inoxydable 8 pi\u00e8ces Magn\u00e9tique - SOEM \u00a9 | Voor elk gewicht een passende weegschaal\",\"isPartOf\":{\"@id\":\"https:\/\/soem.nl\/fr\/#website\"},\"primaryImageOfPage\":{\"@id\":\"https:\/\/soem.nl\/fr\/product\/jeu-de-cuilleres-a-mesurer-en-acier-inoxydable-8-pieces-magnetique\/#primaryimage\"},\"image\":{\"@id\":\"https:\/\/soem.nl\/fr\/product\/jeu-de-cuilleres-a-mesurer-en-acier-inoxydable-8-pieces-magnetique\/#primaryimage\"},\"thumbnailUrl\":\"https:\/\/soem.nl\/wp-content\/uploads\/2024\/12\/SOEM-Maatlepels-set-8-delig-magnetisch-2000x2000-1.svg\",\"datePublished\":\"2024-12-24T10:15:37+00:00\",\"dateModified\":\"2024-12-24T10:16:38+00:00\",\"breadcrumb\":{\"@id\":\"https:\/\/soem.nl\/fr\/product\/jeu-de-cuilleres-a-mesurer-en-acier-inoxydable-8-pieces-magnetique\/#breadcrumb\"},\"inLanguage\":\"fr-FR\",\"potentialAction\":[{\"@type\":\"ReadAction\",\"target\":[\"https:\/\/soem.nl\/fr\/product\/jeu-de-cuilleres-a-mesurer-en-acier-inoxydable-8-pieces-magnetique\/\"]}]},{\"@type\":\"ImageObject\",\"inLanguage\":\"fr-FR\",\"@id\":\"https:\/\/soem.nl\/fr\/product\/jeu-de-cuilleres-a-mesurer-en-acier-inoxydable-8-pieces-magnetique\/#primaryimage\",\"url\":\"https:\/\/soem.nl\/wp-content\/uploads\/2024\/12\/SOEM-Maatlepels-set-8-delig-magnetisch-2000x2000-1.svg\",\"contentUrl\":\"https:\/\/soem.nl\/wp-content\/uploads\/2024\/12\/SOEM-Maatlepels-set-8-delig-magnetisch-2000x2000-1.svg\",\"caption\":\"SOEM Jeu de cuill\u00e8res \u00e0 mesurer 8 pcs magn\u00e9tiques 2000x2000\"},{\"@type\":\"BreadcrumbList\",\"@id\":\"https:\/\/soem.nl\/fr\/product\/jeu-de-cuilleres-a-mesurer-en-acier-inoxydable-8-pieces-magnetique\/#breadcrumb\",\"itemListElement\":[{\"@type\":\"ListItem\",\"position\":1,\"name\":\"Home\",\"item\":\"https:\/\/soem.nl\/fr\/accueil\/\"},{\"@type\":\"ListItem\",\"position\":2,\"name\":\"Boutique\",\"item\":\"https:\/\/soem.nl\/boutique\/\"},{\"@type\":\"ListItem\",\"position\":3,\"name\":\"Jeu de cuill\u00e8res \u00e0 mesurer en acier inoxydable 8 pi\u00e8ces Magn\u00e9tique\"}]},{\"@type\":\"WebSite\",\"@id\":\"https:\/\/soem.nl\/fr\/#website\",\"url\":\"https:\/\/soem.nl\/fr\/\",\"name\":\"SOEM \u00a9 | Voor elk gewicht een passende weegschaal\",\"description\":\"Voor keuken, koffie en precisie\",\"publisher\":{\"@id\":\"https:\/\/soem.nl\/fr\/#organization\"},\"potentialAction\":[{\"@type\":\"SearchAction\",\"target\":{\"@type\":\"EntryPoint\",\"urlTemplate\":\"https:\/\/soem.nl\/fr\/?s={search_term_string}\"},\"query-input\":{\"@type\":\"PropertyValueSpecification\",\"valueRequired\":true,\"valueName\":\"search_term_string\"}}],\"inLanguage\":\"fr-FR\"},{\"@type\":\"Organization\",\"@id\":\"https:\/\/soem.nl\/fr\/#organization\",\"name\":\"SOEM \u00a9 | Voor elk gewicht een passende weegschaal\",\"url\":\"https:\/\/soem.nl\/fr\/\",\"logo\":{\"@type\":\"ImageObject\",\"inLanguage\":\"fr-FR\",\"@id\":\"https:\/\/soem.nl\/fr\/#\/schema\/logo\/image\/\",\"url\":\"https:\/\/soem.nl\/wp-content\/uploads\/2022\/08\/base_logo_transparent_background.png\",\"contentUrl\":\"https:\/\/soem.nl\/wp-content\/uploads\/2022\/08\/base_logo_transparent_background.png\",\"width\":3125,\"height\":1875,\"caption\":\"SOEM \u00a9 | Voor elk gewicht een passende weegschaal\"},\"image\":{\"@id\":\"https:\/\/soem.nl\/fr\/#\/schema\/logo\/image\/\"},\"sameAs\":[\"https:\/\/www.facebook.com\/soemproducts\/\",\"https:\/\/www.instagram.com\/soem.products\/\"]}]}<\/script>\n<meta property=\"product:price:amount\" content=\"24.95\" \/>\n<meta property=\"product:price:currency\" content=\"EUR\" \/>\n<meta property=\"og:availability\" content=\"instock\" \/>\n<meta property=\"product:availability\" content=\"instock\" \/>\n<meta property=\"product:retailer_item_id\" content=\"8720938334030\" \/>\n<meta property=\"product:condition\" content=\"new\" \/>\n<!-- \/ Yoast SEO Premium plugin. -->","yoast_head_json":{"title":"Jeu de cuill\u00e8res \u00e0 mesurer en acier inoxydable 8 pi\u00e8ces Magn\u00e9tique - SOEM \u00a9 | Voor elk gewicht een passende weegschaal","robots":{"index":"index","follow":"follow","max-snippet":"max-snippet:-1","max-image-preview":"max-image-preview:large","max-video-preview":"max-video-preview:-1"},"canonical":"https:\/\/soem.nl\/fr\/product\/jeu-de-cuilleres-a-mesurer-en-acier-inoxydable-8-pieces-magnetique\/","og_locale":"fr_FR","og_type":"article","og_title":"Jeu de cuill\u00e8res \u00e0 mesurer en acier inoxydable 8 pi\u00e8ces Magn\u00e9tique","og_description":"Avec l&#8217;ensemble de cuill\u00e8res \u00e0 mesurer SOEM, le dosage des ingr\u00e9dients est facile et color\u00e9 ! Fabriqu\u00e9 en acier inoxydable et dot\u00e9 d&#8217;une fonction magn\u00e9tique, cet ensemble de haute qualit\u00e9 est id\u00e9al pour tous les passionn\u00e9s de cuisine. L&#8217;ensemble comprend huit mesures pr\u00e9cises, chacune ayant une couleur gaie unique qui vous permet de les reconna\u00eetre [...]","og_url":"https:\/\/soem.nl\/fr\/product\/jeu-de-cuilleres-a-mesurer-en-acier-inoxydable-8-pieces-magnetique\/","og_site_name":"SOEM \u00a9 | Voor elk gewicht een passende weegschaal","article_publisher":"https:\/\/www.facebook.com\/soemproducts\/","article_modified_time":"2024-12-24T10:16:38+00:00","twitter_card":"summary_large_image","twitter_misc":{"Prix":"&euro;&nbsp;24,95","Disponibilit\u00e9":"En stock"},"schema":{"@context":"https:\/\/schema.org","@graph":[{"@type":"WebPage","@id":"https:\/\/soem.nl\/fr\/product\/jeu-de-cuilleres-a-mesurer-en-acier-inoxydable-8-pieces-magnetique\/","url":"https:\/\/soem.nl\/fr\/product\/jeu-de-cuilleres-a-mesurer-en-acier-inoxydable-8-pieces-magnetique\/","name":"Jeu de cuill\u00e8res \u00e0 mesurer en acier inoxydable 8 pi\u00e8ces Magn\u00e9tique - SOEM \u00a9 | Voor elk gewicht een passende weegschaal","isPartOf":{"@id":"https:\/\/soem.nl\/fr\/#website"},"primaryImageOfPage":{"@id":"https:\/\/soem.nl\/fr\/product\/jeu-de-cuilleres-a-mesurer-en-acier-inoxydable-8-pieces-magnetique\/#primaryimage"},"image":{"@id":"https:\/\/soem.nl\/fr\/product\/jeu-de-cuilleres-a-mesurer-en-acier-inoxydable-8-pieces-magnetique\/#primaryimage"},"thumbnailUrl":"https:\/\/soem.nl\/wp-content\/uploads\/2024\/12\/SOEM-Maatlepels-set-8-delig-magnetisch-2000x2000-1.svg","datePublished":"2024-12-24T10:15:37+00:00","dateModified":"2024-12-24T10:16:38+00:00","breadcrumb":{"@id":"https:\/\/soem.nl\/fr\/product\/jeu-de-cuilleres-a-mesurer-en-acier-inoxydable-8-pieces-magnetique\/#breadcrumb"},"inLanguage":"fr-FR","potentialAction":[{"@type":"ReadAction","target":["https:\/\/soem.nl\/fr\/product\/jeu-de-cuilleres-a-mesurer-en-acier-inoxydable-8-pieces-magnetique\/"]}]},{"@type":"ImageObject","inLanguage":"fr-FR","@id":"https:\/\/soem.nl\/fr\/product\/jeu-de-cuilleres-a-mesurer-en-acier-inoxydable-8-pieces-magnetique\/#primaryimage","url":"https:\/\/soem.nl\/wp-content\/uploads\/2024\/12\/SOEM-Maatlepels-set-8-delig-magnetisch-2000x2000-1.svg","contentUrl":"https:\/\/soem.nl\/wp-content\/uploads\/2024\/12\/SOEM-Maatlepels-set-8-delig-magnetisch-2000x2000-1.svg","caption":"SOEM Jeu de cuill\u00e8res \u00e0 mesurer 8 pcs magn\u00e9tiques 2000x2000"},{"@type":"BreadcrumbList","@id":"https:\/\/soem.nl\/fr\/product\/jeu-de-cuilleres-a-mesurer-en-acier-inoxydable-8-pieces-magnetique\/#breadcrumb","itemListElement":[{"@type":"ListItem","position":1,"name":"Home","item":"https:\/\/soem.nl\/fr\/accueil\/"},{"@type":"ListItem","position":2,"name":"Boutique","item":"https:\/\/soem.nl\/boutique\/"},{"@type":"ListItem","position":3,"name":"Jeu de cuill\u00e8res \u00e0 mesurer en acier inoxydable 8 pi\u00e8ces Magn\u00e9tique"}]},{"@type":"WebSite","@id":"https:\/\/soem.nl\/fr\/#website","url":"https:\/\/soem.nl\/fr\/","name":"SOEM \u00a9 | Voor elk gewicht een passende weegschaal","description":"Voor keuken, koffie en precisie","publisher":{"@id":"https:\/\/soem.nl\/fr\/#organization"},"potentialAction":[{"@type":"SearchAction","target":{"@type":"EntryPoint","urlTemplate":"https:\/\/soem.nl\/fr\/?s={search_term_string}"},"query-input":{"@type":"PropertyValueSpecification","valueRequired":true,"valueName":"search_term_string"}}],"inLanguage":"fr-FR"},{"@type":"Organization","@id":"https:\/\/soem.nl\/fr\/#organization","name":"SOEM \u00a9 | Voor elk gewicht een passende weegschaal","url":"https:\/\/soem.nl\/fr\/","logo":{"@type":"ImageObject","inLanguage":"fr-FR","@id":"https:\/\/soem.nl\/fr\/#\/schema\/logo\/image\/","url":"https:\/\/soem.nl\/wp-content\/uploads\/2022\/08\/base_logo_transparent_background.png","contentUrl":"https:\/\/soem.nl\/wp-content\/uploads\/2022\/08\/base_logo_transparent_background.png","width":3125,"height":1875,"caption":"SOEM \u00a9 | Voor elk gewicht een passende weegschaal"},"image":{"@id":"https:\/\/soem.nl\/fr\/#\/schema\/logo\/image\/"},"sameAs":["https:\/\/www.facebook.com\/soemproducts\/","https:\/\/www.instagram.com\/soem.products\/"]}]},"product_price_amount":"24.95","product_price_currency":"EUR","og_availability":"instock","product_availability":"instock","product_retailer_item_id":"8720938334030","product_condition":"new"},"_links":{"self":[{"href":"https:\/\/soem.nl\/fr\/wp-json\/wp\/v2\/product\/1549","targetHints":{"allow":["GET"]}}],"collection":[{"href":"https:\/\/soem.nl\/fr\/wp-json\/wp\/v2\/product"}],"about":[{"href":"https:\/\/soem.nl\/fr\/wp-json\/wp\/v2\/types\/product"}],"replies":[{"embeddable":true,"href":"https:\/\/soem.nl\/fr\/wp-json\/wp\/v2\/comments?post=1549"}],"wp:featuredmedia":[{"embeddable":true,"href":"https:\/\/soem.nl\/fr\/wp-json\/wp\/v2\/media\/1546"}],"wp:attachment":[{"href":"https:\/\/soem.nl\/fr\/wp-json\/wp\/v2\/media?parent=1549"}],"wp:term":[{"taxonomy":"product_brand","embeddable":true,"href":"https:\/\/soem.nl\/fr\/wp-json\/wp\/v2\/product_brand?post=1549"},{"taxonomy":"product_cat","embeddable":true,"href":"https:\/\/soem.nl\/fr\/wp-json\/wp\/v2\/product_cat?post=1549"},{"taxonomy":"product_tag","embeddable":true,"href":"https:\/\/soem.nl\/fr\/wp-json\/wp\/v2\/product_tag?post=1549"}],"curies":[{"name":"wp","href":"https:\/\/api.w.org\/{rel}","templated":true}]}}